{"id":77,"date":"2025-11-18T15:43:59","date_gmt":"2025-11-18T15:43:13","guid":{"rendered":"https:\/\/mekorisrael.fr\/autres\/"},"modified":"2026-01-06T19:50:22","modified_gmt":"2026-01-06T19:50:22","slug":"grands-themes","status":"publish","type":"page","link":"https:\/\/mekorisrael.fr\/he\/cours-du-rav\/grands-themes\/","title":{"rendered":"\u05d9\u05dc\u05d3\u05d9 \u05d4\u05d6\u05de\u05df"},"content":{"rendered":"<div class=\"wp-block-group alignwide is-style-default has-background has-large-font-size has-global-padding is-content-justification-center is-layout-constrained wp-container-core-group-is-layout-69459567 wp-block-group-is-layout-constrained\" style=\"border-style:none;border-width:0px;border-top-left-radius:15px;border-top-right-radius:15px;border-bottom-left-radius:15px;border-bottom-right-radius:15px;background-color:#d9c68d61;margin-top:0;margin-bottom:0;padding-top:var(--wp--preset--spacing--60);padding-right:0;padding-bottom:var(--wp--preset--spacing--50);padding-left:0;box-shadow:var(--wp--preset--shadow--natural)\">\n<div class=\"wp-block-group alignwide is-layout-flow wp-block-group-is-layout-flow\">\n<div class=\"wp-block-columns is-layout-flex wp-container-core-columns-is-layout-28f84493 wp-block-columns-is-layout-flex\">\n<div class=\"wp-block-column is-vertically-aligned-center has-medium-font-size has-global-padding is-content-justification-right is-layout-constrained wp-container-core-column-is-layout-b64888fd wp-block-column-is-layout-constrained\" style=\"padding-right:0;padding-left:var(--wp--preset--spacing--20)\">\n<p class=\"has-text-align-left\"><a href=\"https:\/\/mekorisrael.fr\/he\/cours-du-rav\/grands-themes\/lorthodoxie-mene-t-elle-alintolerance\/\">\u05d4\u05d0\u05dd \u05d4\u05d0\u05d5\u05e8\u05ea\u05d5\u05d3\u05d5\u05e7\u05e1\u05d9\u05d4 \u05de\u05d5\u05d1\u05d9\u05dc\u05d4 \u05dc\u05d0\u05d9\u05be\u05e1\u05d5\u05d1\u05dc\u05e0\u05d5\u05ea?<\/a><\/p>\n\n\n\n<p class=\"has-text-align-left\"><a href=\"https:\/\/mekorisrael.fr\/he\/cours-du-rav\/grands-themes\/lunite-du-peuple-juif\/\">\u05d0\u05d7\u05d3\u05d5\u05ea \u05d4\u05e2\u05dd \u05d4\u05d9\u05d4\u05d5\u05d3\u05d9<\/a><\/p>\n\n\n\n<p class=\"has-text-align-left\"><a href=\"https:\/\/mekorisrael.fr\/he\/cours-du-rav\/grands-themes\/letude-ou-laction\/\">\u05dc\u05d9\u05de\u05d5\u05d3 \u05d0\u05d5 \u05de\u05e2\u05e9\u05d4?<\/a><\/p>\n\n\n\n<p><a href=\"https:\/\/mekorisrael.fr\/he\/cours-du-rav\/grands-themes\/la-torah-entre-nous-et-d-ieu\/\">\u05d4\u05ea\u05d5\u05e8\u05d4 \u05d1\u05d9\u05e0\u05d9\u05e0\u05d5 \u05dc\u05d1\u05d9\u05df \u05d4\u05f3<\/a><\/p>\n\n\n\n<p><a href=\"https:\/\/mekorisrael.fr\/he\/cours-du-rav\/grands-themes\/la-charite-sauve-de-la-mort\/\">\u05e6\u05d3\u05e7\u05d4 \u05ea\u05e6\u05d9\u05dc \u05de\u05de\u05d5\u05ea<\/a><\/p>\n\n\n\n<p><a href=\"https:\/\/mekorisrael.fr\/he\/cours-du-rav\/grands-themes\/la-fin-et-les-moyens\/\">\u05d4\u05de\u05d8\u05e8\u05d4 \u05d5\u05d4\u05d0\u05de\u05e6\u05e2\u05d9\u05dd<\/a><\/p>\n\n\n\n<p><a href=\"https:\/\/mekorisrael.fr\/he\/cours-du-rav\/grands-themes\/le-couple-et-la-contraception-dans-le-judaisme\/\">\u05d4\u05d6\u05d5\u05d2\u05d9\u05d5\u05ea \u05d5\u05d0\u05de\u05e6\u05e2\u05d9 \u05d4\u05de\u05e0\u05d9\u05e2\u05d4 \u05d1\u05d9\u05d4\u05d3\u05d5\u05ea<\/a><\/p>\n<\/div>\n\n\n\n<div class=\"wp-block-column is-vertically-aligned-center has-medium-font-size has-global-padding is-content-justification-right is-layout-constrained wp-container-core-column-is-layout-333195a2 wp-block-column-is-layout-constrained\" style=\"padding-right:0;padding-left:var(--wp--preset--spacing--20)\">\n<p class=\"has-text-align-left\"><a href=\"https:\/\/mekorisrael.fr\/he\/cours-du-rav\/grands-themes\/le-mensonge-et-la-verite\/\">\u05d4\u05e9\u05e7\u05e8 \u05d5\u05d4\u05d0\u05de\u05ea<\/a><\/p>\n\n\n\n<p><a href=\"https:\/\/mekorisrael.fr\/he\/cours-du-rav\/grands-themes\/le-peuple-du-desert\/\">\u05e2\u05dd \u05d4\u05de\u05d3\u05d1\u05e8<\/a><\/p>\n\n\n\n<p><a href=\"https:\/\/mekorisrael.fr\/he\/cours-du-rav\/grands-themes\/le-sens-de-la-vie\/\">\u05de\u05e9\u05de\u05e2\u05d5\u05ea \u05d4\u05d7\u05d9\u05d9\u05dd<\/a><\/p>\n\n\n\n<p><a href=\"https:\/\/mekorisrael.fr\/he\/cours-du-rav\/grands-themes\/les-3-signes\/\">\u05e9\u05dc\u05d5\u05e9\u05ea \u05d4\u05e1\u05d9\u05de\u05e0\u05d9\u05dd<\/a><\/p>\n\n\n\n<p><a href=\"https:\/\/mekorisrael.fr\/he\/cours-du-rav\/grands-themes\/les-4-fils\/\">\u05d0\u05e8\u05d1\u05e2\u05ea \u05d4\u05d1\u05e0\u05d9\u05dd<\/a><\/p>\n\n\n\n<p><a href=\"https:\/\/mekorisrael.fr\/he\/cours-du-rav\/grands-themes\/les-grands-malheurs-et-le-projet-divin\/\">\u05d4\u05d0\u05e1\u05d5\u05e0\u05d5\u05ea \u05d4\u05d2\u05d3\u05d5\u05dc\u05d9\u05dd \u05d5\u05d4\u05ea\u05d5\u05db\u05e0\u05d9\u05ea \u05d4\u05d0\u05dc\u05d5\u05d4\u05d9\u05ea<\/a><\/p>\n\n\n\n<p class=\"has-text-align-left\"><a href=\"https:\/\/mekorisrael.fr\/he\/cours-du-rav\/grands-themes\/les-limites-de-nos-relations-avec-les-goyim\/\">\u05d2\u05d1\u05d5\u05dc\u05d5\u05ea \u05d9\u05d7\u05e1\u05d9\u05e0\u05d5 \u05e2\u05dd \u05d4\u05d2\u05d5\u05d9\u05d9\u05dd<\/a><\/p>\n<\/div>\n\n\n\n<div class=\"wp-block-column has-medium-font-size is-layout-flow wp-block-column-is-layout-flow\" style=\"padding-left:var(--wp--preset--spacing--20)\">\n<p><a href=\"https:\/\/mekorisrael.fr\/he\/cours-du-rav\/grands-themes\/pourquoi-et-comment-faire-techouvah\/\">\u05de\u05d3\u05d5\u05e2 \u05d5\u05db\u05d9\u05e6\u05d3 \u05dc\u05e2\u05e9\u05d5\u05ea \u05ea\u05e9\u05d5\u05d1\u05d4<\/a><\/p>\n\n\n\n<p><a href=\"https:\/\/mekorisrael.fr\/he\/cours-du-rav\/grands-themes\/que-savons-nous-de-d-ie\/\">\u05de\u05d4 \u05d0\u05e0\u05d5 \u05d9\u05d5\u05d3\u05e2\u05d9\u05dd \u05e2\u05dc \u05d4\u05f3?<\/a><\/p>\n\n\n\n<p><a href=\"https:\/\/mekorisrael.fr\/he\/cours-du-rav\/grands-themes\/qui-est-juif\/\">\u05de\u05d9\u05d4\u05d5 \u05d9\u05d4\u05d5\u05d3\u05d9?<\/a><\/p>\n\n\n\n<p><a href=\"https:\/\/mekorisrael.fr\/he\/cours-du-rav\/grands-themes\/relations-parents-enfants\/\">\u05d9\u05d7\u05e1\u05d9 \u05d4\u05d5\u05e8\u05d9\u05dd\u05be\u05d9\u05dc\u05d3\u05d9\u05dd<\/a><\/p>\n\n\n\n<p><a href=\"https:\/\/mekorisrael.fr\/he\/cours-du-rav\/grands-themes\/sens-des-reves\/\">\u05de\u05e9\u05de\u05e2\u05d5\u05ea \u05d4\u05d7\u05dc\u05d5\u05de\u05d5\u05ea<\/a><\/p>\n\n\n\n<p><a href=\"https:\/\/mekorisrael.fr\/he\/cours-du-rav\/grands-themes\/simhah-la-joie\/\">\u05e9\u05de\u05d7\u05d4: \u05d4\u05e9\u05de\u05d7\u05d4<\/a><\/p>\n\n\n\n<p><a href=\"https:\/\/mekorisrael.fr\/he\/cours-du-rav\/grands-themes\/yechiva-epinay-10eme-anniversaire\/\">\u05e2\u05e9\u05d5\u05e8 \u05dc\u05d4\u05e7\u05de\u05ea \u05d9\u05e9\u05d9\u05d1\u05ea \u05d0\u05e4\u05d9\u05e0\u05d9\u05d9<\/a><\/p>\n<\/div>\n<\/div>\n\n\n\n<div style=\"height:var(--wp--preset--spacing--40)\" aria-hidden=\"true\" class=\"wp-block-spacer\"><\/div>\n\n\n\n<p class=\"has-text-align-center has-medium-font-size\">\u05e9\u05d9\u05e2\u05d5\u05e8\u05d9\u05dd \u05d4\u05e0\u05d9\u05ea\u05e0\u05d9\u05dd \u05e2\u05dc \u05d9\u05d3\u05d9 <strong>\u05d4\u05e8\u05d1 \u05d0. \u05d3. \u05d4\u05d9\u05d9\u05de\u05df&nbsp;<\/strong>.<\/p>\n<\/div>\n<\/div>\n\n\n\n<div style=\"height:47px\" aria-hidden=\"true\" class=\"wp-block-spacer\"><\/div>\n\n\n\n<p class=\"has-medium-font-size\">&lt; <a href=\"https:\/\/mekorisrael.fr\/he\/cours-du-rav\/\">\u05d7\u05d6\u05e8\u05d4 \u05dc\u05d1\u05d7\u05d9\u05e8\u05ea \u05d4\u05e9\u05d9\u05e2\u05d5\u05e8\u05d9\u05dd<\/a><\/p>\n\n\n\n<p><\/p>","protected":false},"excerpt":{"rendered":"<p>L&#8217;Orthodoxie m\u00e8ne-t-elle \u00e0 l&#8217;Intol\u00e9rance ? L&#8217;Unit\u00e9 du Peuple Juif L&#8217;\u00c9tude ou l&#8217;Action ? La Torah entre nous et D-ieu La Charit\u00e9 sauve de la mort La Fin et les Moyens Le Couple et la Contraception dans le Juda\u00efsme Le Mensonge et la V\u00e9rit\u00e9 Le Peuple du D\u00e9sert Le Sens de la Vie Les 3 Signes [&hellip;]<\/p>","protected":false},"author":1,"featured_media":0,"parent":246,"menu_order":7,"comment_status":"closed","ping_status":"closed","template":"","meta":{"give_campaign_id":0,"pgc_sgb_lightbox_settings":"","footnotes":""},"class_list":["post-77","page","type-page","status-publish","hentry"],"campaignId":"","_links":{"self":[{"href":"https:\/\/mekorisrael.fr\/he\/wp-json\/wp\/v2\/pages\/77","targetHints":{"allow":["GET"]}}],"collection":[{"href":"https:\/\/mekorisrael.fr\/he\/wp-json\/wp\/v2\/pages"}],"about":[{"href":"https:\/\/mekorisrael.fr\/he\/wp-json\/wp\/v2\/types\/page"}],"author":[{"embeddable":true,"href":"https:\/\/mekorisrael.fr\/he\/wp-json\/wp\/v2\/users\/1"}],"replies":[{"embeddable":true,"href":"https:\/\/mekorisrael.fr\/he\/wp-json\/wp\/v2\/comments?post=77"}],"version-history":[{"count":17,"href":"https:\/\/mekorisrael.fr\/he\/wp-json\/wp\/v2\/pages\/77\/revisions"}],"predecessor-version":[{"id":3801,"href":"https:\/\/mekorisrael.fr\/he\/wp-json\/wp\/v2\/pages\/77\/revisions\/3801"}],"up":[{"embeddable":true,"href":"https:\/\/mekorisrael.fr\/he\/wp-json\/wp\/v2\/pages\/246"}],"wp:attachment":[{"href":"https:\/\/mekorisrael.fr\/he\/wp-json\/wp\/v2\/media?parent=77"}],"curies":[{"name":"wp","href":"https:\/\/api.w.org\/{rel}","templated":true}]}}