{"id":63,"date":"2025-11-19T10:07:51","date_gmt":"2025-11-19T10:07:07","guid":{"rendered":"https:\/\/mekorisrael.fr\/?page_id=63"},"modified":"2025-12-08T06:39:43","modified_gmt":"2025-12-08T06:39:43","slug":"paracha","status":"publish","type":"page","link":"https:\/\/mekorisrael.fr\/he\/cours-du-rav\/paracha\/","title":{"rendered":"\u05e4\u05e8\u05e9\u05ea \u05d4\u05e9\u05d1\u05d5\u05e2"},"content":{"rendered":"<div class=\"wp-block-columns is-layout-flex wp-container-core-columns-is-layout-28f84493 wp-block-columns-is-layout-flex\">\n<div class=\"wp-block-column is-layout-flow wp-block-column-is-layout-flow\"><\/div>\n<\/div>\n\n\n\n<div class=\"wp-block-group alignwide has-global-padding is-layout-constrained wp-container-core-group-is-layout-d9202717 wp-block-group-is-layout-constrained\" style=\"border-top-left-radius:40px;border-top-right-radius:40px;border-bottom-left-radius:40px;border-bottom-right-radius:40px;margin-top:0;margin-bottom:0;padding-top:var(--wp--preset--spacing--40);padding-right:var(--wp--preset--spacing--80);padding-bottom:var(--wp--preset--spacing--40);padding-left:var(--wp--preset--spacing--80);box-shadow:var(--wp--preset--shadow--deep)\">\n<h2 class=\"wp-block-heading alignwide has-text-align-center has-large-font-size\"><strong>\u05d0\u05e0\u05d0 \u05d1\u05d7\u05e8\u05d5 \u05d0\u05ea \u05d4\u05e1\u05d3\u05e8\u05d4 \u05d4\u05e8\u05e6\u05d5\u05d9\u05d4 \u05dc\u05db\u05dd : <\/strong><\/h2>\n\n\n\n<div class=\"wp-block-buttons is-content-justification-center is-layout-flex wp-container-core-buttons-is-layout-a89b3969 wp-block-buttons-is-layout-flex\" style=\"border-style:none;border-width:0px\">\n<div class=\"wp-block-button\"><a class=\"wp-block-button__link has-base-color has-custom-color-4-background-color has-text-color has-background has-link-color wp-element-button\" href=\"https:\/\/mekorisrael.fr\/he\/cours-du-rav\/paracha\/paracha-serie-1\/\">\u05e1\u05d3\u05e8\u05d4 1<\/a><\/div>\n\n\n\n<div class=\"wp-block-button\"><a class=\"wp-block-button__link has-custom-color-4-background-color has-background wp-element-button\" href=\"https:\/\/mekorisrael.fr\/he\/cours-du-rav\/paracha\/paracha-serie-2\/\">\u05e1\u05d3\u05e8\u05d4 2<\/a><\/div>\n\n\n\n<div class=\"wp-block-button\"><a class=\"wp-block-button__link has-custom-color-4-background-color has-background wp-element-button\" href=\"https:\/\/mekorisrael.fr\/he\/cours-du-rav\/paracha\/paracha-serie-3\/\">\u05e1\u05d3\u05e8\u05d4 3<\/a><\/div>\n\n\n\n<div class=\"wp-block-button\"><a class=\"wp-block-button__link has-custom-color-4-background-color has-background wp-element-button\" href=\"https:\/\/mekorisrael.fr\/he\/cours-du-rav\/paracha\/paracha-serie-4\/\">\u05e1\u05d3\u05e8\u05d4 4<\/a><\/div>\n\n\n\n<div class=\"wp-block-button\"><a class=\"wp-block-button__link has-custom-color-4-background-color has-background wp-element-button\" href=\"https:\/\/mekorisrael.fr\/he\/cours-du-rav\/paracha\/paracha-serie-5\/\">\u05e1\u05d3\u05e8\u05d4 5<\/a><\/div>\n\n\n\n<div class=\"wp-block-button\"><a class=\"wp-block-button__link has-custom-color-4-background-color has-background wp-element-button\" href=\"https:\/\/mekorisrael.fr\/he\/cours-du-rav\/paracha\/paracha-serie-6\/\">\u05e1\u05d3\u05e8\u05d4 6<\/a><\/div>\n\n\n\n<div class=\"wp-block-button\"><a class=\"wp-block-button__link has-custom-color-4-background-color has-background wp-element-button\" href=\"https:\/\/mekorisrael.fr\/he\/cours-du-rav\/paracha\/paracha-serie-7\/\">\u05e1\u05d3\u05e8\u05d4 7<\/a><\/div>\n\n\n\n<div class=\"wp-block-button is-style-fill\"><a class=\"wp-block-button__link has-custom-color-4-background-color has-background wp-element-button\" href=\"https:\/\/mekorisrael.fr\/he\/cours-du-rav\/paracha\/paracha-serie-8\/\">\u05e1\u05d3\u05e8\u05d4 8<\/a><\/div>\n\n\n\n<div class=\"wp-block-button\"><a class=\"wp-block-button__link has-custom-color-4-background-color has-background wp-element-button\" href=\"https:\/\/mekorisrael.fr\/he\/cours-du-rav\/paracha\/paracha-serie-9\/\">\u05e1\u05d3\u05e8\u05d4 9<\/a><\/div>\n<\/div>\n\n\n\n<p class=\"has-text-align-center has-medium-font-size\">\u05e9\u05d9\u05e2\u05d5\u05e8\u05d9\u05dd \u05d4\u05e0\u05d9\u05ea\u05e0\u05d9\u05dd \u05e2\u05dc \u05d9\u05d3\u05d9 <strong>\u05d4\u05e8\u05d1 \u05d0. \u05d3. \u05d4\u05d9\u05d9\u05de\u05df&nbsp;<\/strong>.<\/p>\n<\/div>\n\n\n\n<div style=\"height:47px\" aria-hidden=\"true\" class=\"wp-block-spacer\"><\/div>\n\n\n\n<p class=\"has-medium-font-size\">&lt; <a href=\"https:\/\/mekorisrael.fr\/he\/cours-du-rav\/\">\u05d7\u05d6\u05e8\u05d4 \u05dc\u05d1\u05d7\u05d9\u05e8\u05ea \u05d4\u05e9\u05d9\u05e2\u05d5\u05e8\u05d9\u05dd<\/a><\/p>\n\n\n\n<p><\/p>","protected":false},"excerpt":{"rendered":"<p>Veuillez s\u00e9lectionner la s\u00e9rie de votre choix : Cours donn\u00e9s par Rav A. D. Heymann.<\/p>","protected":false},"author":1,"featured_media":0,"parent":246,"menu_order":0,"comment_status":"closed","ping_status":"closed","template":"","meta":{"give_campaign_id":0,"pgc_sgb_lightbox_settings":"","footnotes":""},"class_list":["post-63","page","type-page","status-publish","hentry"],"campaignId":"","_links":{"self":[{"href":"https:\/\/mekorisrael.fr\/he\/wp-json\/wp\/v2\/pages\/63","targetHints":{"allow":["GET"]}}],"collection":[{"href":"https:\/\/mekorisrael.fr\/he\/wp-json\/wp\/v2\/pages"}],"about":[{"href":"https:\/\/mekorisrael.fr\/he\/wp-json\/wp\/v2\/types\/page"}],"author":[{"embeddable":true,"href":"https:\/\/mekorisrael.fr\/he\/wp-json\/wp\/v2\/users\/1"}],"replies":[{"embeddable":true,"href":"https:\/\/mekorisrael.fr\/he\/wp-json\/wp\/v2\/comments?post=63"}],"version-history":[{"count":54,"href":"https:\/\/mekorisrael.fr\/he\/wp-json\/wp\/v2\/pages\/63\/revisions"}],"predecessor-version":[{"id":2585,"href":"https:\/\/mekorisrael.fr\/he\/wp-json\/wp\/v2\/pages\/63\/revisions\/2585"}],"up":[{"embeddable":true,"href":"https:\/\/mekorisrael.fr\/he\/wp-json\/wp\/v2\/pages\/246"}],"wp:attachment":[{"href":"https:\/\/mekorisrael.fr\/he\/wp-json\/wp\/v2\/media?parent=63"}],"curies":[{"name":"wp","href":"https:\/\/api.w.org\/{rel}","templated":true}]}}