{"id":61,"date":"2025-12-01T15:28:30","date_gmt":"2025-12-01T15:28:19","guid":{"rendered":"https:\/\/mekorisrael.fr\/?page_id=61"},"modified":"2025-12-08T14:27:06","modified_gmt":"2025-12-08T14:27:06","slug":"details-dinscription","status":"publish","type":"page","link":"https:\/\/mekorisrael.fr\/he\/nos-institutions\/details-dinscription\/","title":{"rendered":"\u05e4\u05e8\u05d8\u05d9\u05dd \u05d5\u05d4\u05e8\u05e9\u05de\u05d4"},"content":{"rendered":"<h2 class=\"wp-block-heading has-custom-color-1-color has-text-color has-link-color has-xx-large-font-size wp-elements-daf7795f9970ed3aa63c18af63b600eb\"><strong>\u05d1\u05d9\u05ea \u05d4\u05e1\u05e4\u05e8 \u05ea\u05e9\u05d1''\u05e8<\/strong> : <\/h2>\n\n\n\n<div style=\"height:89px\" aria-hidden=\"true\" class=\"wp-block-spacer\"><\/div>\n\n\n\n<div class=\"wp-block-columns alignwide is-layout-flex wp-container-core-columns-is-layout-9fa5bd33 wp-block-columns-is-layout-flex\" style=\"padding-right:0;padding-left:0\">\n<div class=\"wp-block-column is-layout-flow wp-block-column-is-layout-flow\">\n<figure class=\"wp-block-image size-full has-custom-border\"><img loading=\"lazy\" decoding=\"async\" width=\"940\" height=\"440\" src=\"https:\/\/mekorisrael.fr\/wp-content\/uploads\/2025\/12\/image-3.png\" alt=\"\" class=\"wp-image-2782\" style=\"border-top-left-radius:9px;border-top-right-radius:9px;border-bottom-left-radius:9px;border-bottom-right-radius:9px;box-shadow:var(--wp--preset--shadow--deep);aspect-ratio:2.136365901051268\" srcset=\"https:\/\/mekorisrael.fr\/wp-content\/uploads\/2025\/12\/image-3.png 940w, https:\/\/mekorisrael.fr\/wp-content\/uploads\/2025\/12\/image-3-300x140.png 300w, https:\/\/mekorisrael.fr\/wp-content\/uploads\/2025\/12\/image-3-768x359.png 768w\" sizes=\"auto, (max-width: 940px) 100vw, 940px\" \/><\/figure>\n<\/div>\n\n\n\n<div class=\"wp-block-column is-layout-flow wp-block-column-is-layout-flow\">\n<div style=\"height:26px\" aria-hidden=\"true\" class=\"wp-block-spacer\"><\/div>\n\n\n\n<h2 class=\"wp-block-heading has-custom-color-1-color has-text-color has-link-color has-large-font-size wp-elements-84acba4bdf4ed1cd58af0ff2e31728c1\"><strong>Maternelle, Primaire, Coll\u00e8ge et Lyc\u00e9e<\/strong><\/h2>\n\n\n\n<p>Rue du Chemin vert 42-66 <\/p>\n\n\n\n<p>93800 Epinay sur Seine<\/p>\n\n\n\n<p>Mail:&nbsp;<a href=\"mailto:info@mekorisrael.org\">info@mekorisrael.org<\/a><\/p>\n\n\n\n<p>Tel: 01.58.34.31.18<\/p>\n<\/div>\n<\/div>\n\n\n\n<div style=\"height:72px\" aria-hidden=\"true\" class=\"wp-block-spacer\"><\/div>\n\n\n\n<div class=\"wp-block-group alignfull has-global-padding is-layout-constrained wp-block-group-is-layout-constrained\">\n<h2 class=\"wp-block-heading alignwide has-custom-color-2-color has-text-color has-link-color wp-elements-86e668c3f2b3d490a858988260c78723\"><strong>Formalit\u00e9s d&#8217;Inscription<\/strong> :<strong> <\/strong><\/h2>\n\n\n\n<div style=\"height:26px\" aria-hidden=\"true\" class=\"wp-block-spacer\"><\/div>\n\n\n\n<p>Liste des documents \u00e0 joindre<\/p>\n\n\n\n<div style=\"height:0px\" aria-hidden=\"true\" class=\"wp-block-spacer\"><\/div>\n\n\n\n<ul class=\"wp-block-list\">\n<li>2 photos d\u2019identit\u00e9<\/li>\n\n\n\n<li>Copie du livret de famille<\/li>\n\n\n\n<li>Attestation d\u2019assurance de responsabilit\u00e9 civile<\/li>\n\n\n\n<li>Carnet de sant\u00e9 (pages vaccination)<\/li>\n<\/ul>\n<\/div>\n\n\n\n<div style=\"height:58px\" aria-hidden=\"true\" class=\"wp-block-spacer\"><\/div>\n\n\n\n<div class=\"wp-block-group alignfull has-global-padding is-layout-constrained wp-container-core-group-is-layout-190373c5 wp-block-group-is-layout-constrained\" style=\"margin-top:0;margin-bottom:0;padding-top:var(--wp--preset--spacing--50);padding-bottom:var(--wp--preset--spacing--50)\">\n<div class=\"wp-block-group alignwide has-global-padding is-content-justification-left is-layout-constrained wp-container-core-group-is-layout-12dd3699 wp-block-group-is-layout-constrained\">\n<h2 class=\"wp-block-heading has-custom-color-2-color has-text-color has-link-color has-x-large-font-size wp-elements-3608b5f337adfdbcace15280d74c7e18\"><strong>Un lieu de bien \u00eatre : <\/strong><\/h2>\n<\/div>\n\n\n\n<div class=\"wp-block-columns alignwide is-layout-flex wp-container-core-columns-is-layout-cdebebb7 wp-block-columns-is-layout-flex\" style=\"padding-top:0;padding-bottom:0\">\n<div class=\"wp-block-column is-layout-flow wp-container-core-column-is-layout-8ad66c59 wp-block-column-is-layout-flow\" style=\"padding-top:var(--wp--preset--spacing--70)\">\n<figure class=\"wp-block-image size-full has-custom-border\"><img loading=\"lazy\" decoding=\"async\" width=\"1080\" height=\"1080\" src=\"https:\/\/mekorisrael.fr\/wp-content\/uploads\/2025\/12\/2.png\" alt=\"\" class=\"wp-image-2790\" style=\"border-top-left-radius:9px;border-top-right-radius:9px;border-bottom-left-radius:9px;border-bottom-right-radius:9px;box-shadow:var(--wp--preset--shadow--natural)\" srcset=\"https:\/\/mekorisrael.fr\/wp-content\/uploads\/2025\/12\/2.png 1080w, https:\/\/mekorisrael.fr\/wp-content\/uploads\/2025\/12\/2-300x300.png 300w, https:\/\/mekorisrael.fr\/wp-content\/uploads\/2025\/12\/2-1024x1024.png 1024w, https:\/\/mekorisrael.fr\/wp-content\/uploads\/2025\/12\/2-150x150.png 150w, https:\/\/mekorisrael.fr\/wp-content\/uploads\/2025\/12\/2-768x768.png 768w\" sizes=\"auto, (max-width: 1080px) 100vw, 1080px\" \/><\/figure>\n\n\n\n<div class=\"wp-block-group is-vertical is-layout-flex wp-container-core-group-is-layout-971a3e1f wp-block-group-is-layout-flex\" style=\"padding-top:var(--wp--preset--spacing--30)\">\n<h3 class=\"wp-block-heading has-text-align-left has-custom-color-1-color has-text-color has-link-color wp-elements-86bb27e41d26d1848c5a264917a3a945\" style=\"padding-top:var(--wp--preset--spacing--20)\"><strong>Un encadrement p\u00e9dagogique de qualit\u00e9<\/strong><\/h3>\n<\/div>\n<\/div>\n\n\n\n<div class=\"wp-block-column is-layout-flow wp-container-core-column-is-layout-8ad66c59 wp-block-column-is-layout-flow\" style=\"padding-top:var(--wp--preset--spacing--70)\">\n<figure class=\"wp-block-image size-full has-custom-border\"><img loading=\"lazy\" decoding=\"async\" width=\"1080\" height=\"1080\" src=\"https:\/\/mekorisrael.fr\/wp-content\/uploads\/2025\/12\/3.png\" alt=\"\" class=\"wp-image-2791\" style=\"border-top-left-radius:9px;border-top-right-radius:9px;border-bottom-left-radius:9px;border-bottom-right-radius:9px;box-shadow:var(--wp--preset--shadow--natural)\" srcset=\"https:\/\/mekorisrael.fr\/wp-content\/uploads\/2025\/12\/3.png 1080w, https:\/\/mekorisrael.fr\/wp-content\/uploads\/2025\/12\/3-300x300.png 300w, https:\/\/mekorisrael.fr\/wp-content\/uploads\/2025\/12\/3-1024x1024.png 1024w, https:\/\/mekorisrael.fr\/wp-content\/uploads\/2025\/12\/3-150x150.png 150w, https:\/\/mekorisrael.fr\/wp-content\/uploads\/2025\/12\/3-768x768.png 768w\" sizes=\"auto, (max-width: 1080px) 100vw, 1080px\" \/><\/figure>\n\n\n\n<div class=\"wp-block-group is-vertical is-layout-flex wp-container-core-group-is-layout-971a3e1f wp-block-group-is-layout-flex\" style=\"padding-top:var(--wp--preset--spacing--30)\">\n<h3 class=\"wp-block-heading has-custom-color-1-color has-text-color has-link-color wp-elements-b04a63eefca729d3fbccd784b4ea4914\" style=\"padding-top:var(--wp--preset--spacing--20)\"><strong>Activit\u00e9 p\u00e9riscolaire<\/strong><\/h3>\n<\/div>\n<\/div>\n\n\n\n<div class=\"wp-block-column is-layout-flow wp-container-core-column-is-layout-8ad66c59 wp-block-column-is-layout-flow\" style=\"padding-top:var(--wp--preset--spacing--70)\">\n<figure class=\"wp-block-image size-full has-custom-border\"><img loading=\"lazy\" decoding=\"async\" width=\"1080\" height=\"1080\" src=\"https:\/\/mekorisrael.fr\/wp-content\/uploads\/2025\/12\/1.png\" alt=\"\" class=\"wp-image-2789\" style=\"border-top-left-radius:9px;border-top-right-radius:9px;border-bottom-left-radius:9px;border-bottom-right-radius:9px;box-shadow:var(--wp--preset--shadow--natural)\" srcset=\"https:\/\/mekorisrael.fr\/wp-content\/uploads\/2025\/12\/1.png 1080w, https:\/\/mekorisrael.fr\/wp-content\/uploads\/2025\/12\/1-300x300.png 300w, https:\/\/mekorisrael.fr\/wp-content\/uploads\/2025\/12\/1-1024x1024.png 1024w, https:\/\/mekorisrael.fr\/wp-content\/uploads\/2025\/12\/1-150x150.png 150w, https:\/\/mekorisrael.fr\/wp-content\/uploads\/2025\/12\/1-768x768.png 768w\" sizes=\"auto, (max-width: 1080px) 100vw, 1080px\" \/><\/figure>\n\n\n\n<div class=\"wp-block-group is-vertical is-layout-flex wp-container-core-group-is-layout-971a3e1f wp-block-group-is-layout-flex\" style=\"padding-top:var(--wp--preset--spacing--30)\">\n<h3 class=\"wp-block-heading has-custom-color-1-color has-text-color has-link-color wp-elements-9845e539a669b2a1af7eaf427897bf11\" style=\"padding-top:var(--wp--preset--spacing--20)\"><strong>Tachbar: Une grande famille<\/strong><\/h3>\n<\/div>\n<\/div>\n<\/div>\n<\/div>\n\n\n\n<p><\/p>","protected":false},"excerpt":{"rendered":"<p>L&#8217;\u00e9cole Tachbar : Maternelle, Primaire, Coll\u00e8ge et Lyc\u00e9e 42-66 rue du Chemin vert, 93800 Epinay sur Seine Mail:&nbsp;info@mekorisrael.org Tel: 01.58.34.31.18 Formalit\u00e9s d&#8217;Inscription : Liste des documents \u00e0 joindre Un lieu de bien \u00eatre : Un encadrement p\u00e9dagogique de qualit\u00e9 Activit\u00e9 p\u00e9riscolaire Tachbar: Une grande famille<\/p>","protected":false},"author":1,"featured_media":0,"parent":10,"menu_order":0,"comment_status":"closed","ping_status":"closed","template":"inscription","meta":{"give_campaign_id":0,"pgc_sgb_lightbox_settings":"","footnotes":""},"class_list":["post-61","page","type-page","status-publish","hentry"],"campaignId":"","_links":{"self":[{"href":"https:\/\/mekorisrael.fr\/he\/wp-json\/wp\/v2\/pages\/61","targetHints":{"allow":["GET"]}}],"collection":[{"href":"https:\/\/mekorisrael.fr\/he\/wp-json\/wp\/v2\/pages"}],"about":[{"href":"https:\/\/mekorisrael.fr\/he\/wp-json\/wp\/v2\/types\/page"}],"author":[{"embeddable":true,"href":"https:\/\/mekorisrael.fr\/he\/wp-json\/wp\/v2\/users\/1"}],"replies":[{"embeddable":true,"href":"https:\/\/mekorisrael.fr\/he\/wp-json\/wp\/v2\/comments?post=61"}],"version-history":[{"count":17,"href":"https:\/\/mekorisrael.fr\/he\/wp-json\/wp\/v2\/pages\/61\/revisions"}],"predecessor-version":[{"id":2797,"href":"https:\/\/mekorisrael.fr\/he\/wp-json\/wp\/v2\/pages\/61\/revisions\/2797"}],"up":[{"embeddable":true,"href":"https:\/\/mekorisrael.fr\/he\/wp-json\/wp\/v2\/pages\/10"}],"wp:attachment":[{"href":"https:\/\/mekorisrael.fr\/he\/wp-json\/wp\/v2\/media?parent=61"}],"curies":[{"name":"wp","href":"https:\/\/api.w.org\/{rel}","templated":true}]}}