{"id":59,"date":"2025-12-01T15:28:59","date_gmt":"2025-12-01T15:28:44","guid":{"rendered":"https:\/\/mekorisrael.fr\/?page_id=59"},"modified":"2026-01-06T08:59:25","modified_gmt":"2026-01-06T08:59:25","slug":"contactez-nous","status":"publish","type":"page","link":"https:\/\/mekorisrael.fr\/he\/contactez-nous\/","title":{"rendered":"\u05e6\u05d5\u05e8 \u05e7\u05e9\u05e8"},"content":{"rendered":"<h2 class=\"wp-block-heading alignfull has-text-align-center has-custom-color-4-color has-text-color has-link-color has-x-large-font-size wp-elements-a77ffefe94fcab925f27965e2122aab3\"><strong>\u05e0\u05e9\u05de\u05d7 \u05dc\u05e9\u05de\u05d5\u05e2 \u05de\u05de\u05db\u05dd!<\/strong><\/h2>\n\n\n\n<div style=\"height:42px\" aria-hidden=\"true\" class=\"wp-block-spacer\"><\/div>\n\n\n<div id=\"simple-contact-form-wrap\">\r\n\t\t<div id=\"simple-contact-form\" class=\"scf\">\r\n\t\t\t<form action=\"#simple-contact-form-wrap\" method=\"post\" data-trp-original-action=\"#simple-contact-form-wrap\">\r\n\t\t\t\t<div class=\"scf-row scf-name\">\r\n\t\t\t\t\t<label for=\"scf_name\">\u05e9\u05de\u05da<\/label>\r\n\t\t\t\t\t<input name=\"scf_name\" id=\"scf_name\" type=\"text\" size=\"33\" maxlength=\"99\" value=\"\" placeholder=\"\" \/>\r\n\t\t\t\t<\/div>\r\n\t\t\t\t<div class=\"scf-row scf-email\">\r\n\t\t\t\t\t<label for=\"scf_email\">\u05db\u05ea\u05d5\u05d1\u05ea \u05d3\u05d5\u05d0\u201d\u05dc<\/label>\r\n\t\t\t\t\t<input name=\"scf_email\" id=\"scf_email\" type=\"text\" size=\"33\" maxlength=\"99\" value=\"\" placeholder=\"\" \/>\r\n\t\t\t\t<\/div>\r\n\t\t\t\t<div class=\"scf-row scf-message\">\r\n\t\t\t\t\t<label for=\"scf_message\">\u05d4\u05d5\u05d3\u05e2\u05d4<\/label>\r\n\t\t\t\t\t<textarea name=\"scf_message\" id=\"scf_message\" cols=\"33\" rows=\"7\" placeholder=\"\"><\/textarea>\r\n\t\t\t\t<\/div><div class=\"scf-submit\">\r\n\t\t\t\t\t<input type=\"submit\" id=\"scf-button\" value=\"Envoyer\">\r\n\t\t\t\t\t<input type=\"hidden\" id=\"scf-key\" name=\"scf-key\" value=\"process\">\r\n\t\t\t\t\t<input type=\"hidden\" id=\"scf-nonce\" name=\"scf-nonce\" value=\"a41e093d2a\" \/>\r\n\t\t\t\t<\/div><input type=\"hidden\" name=\"trp-form-language\" value=\"he\"\/><\/form>\r\n\t\t<\/div>\r\n\t\t<style>.scf-confirm-checkbox { margin-top: 15px; } .scf-website3dhhsy3 { display: none; } #simple-contact-form .scf-row { width: 100%; overflow: hidden; margin: 5px 0; padding: 5px 0; border: 0; } #simple-contact-form .scf-row input { box-sizing: border-box; float: left; clear: none; width: 75%; margin: 0; } #simple-contact-form .scf-row label { box-sizing: border-box; float: left; clear: both; width: 25%; margin-top: 5px; font-size: 90%; } #simple-contact-form .scf-row textarea { box-sizing: border-box; float: left; clear: both; width: 100%; margin-top: 2px; }\/* ======================================= *\/ \/* === FORMULAIRE SIMPLE BASIC (NEUMORPHISM) === *\/ \/* === Th\u00e8me de fond: Gris\/Beige Clair (#f0f0f3) === *\/ \/* === Bouton: #b2823b \/ Hover: #d8c58d (Ombres Douces) === *\/ \/* ======================================= *\/ \/* --- 1. Conteneur Global et Fond (Inchang\u00e9, Neumorphism par d\u00e9faut) --- *\/ #simple-contact-form form { max-width: 700px; padding: 30px; border: none; border-radius: 20px; background-color: #f0f0f3; \/* La couleur de fond est cruciale *\/ font-family: Arial, sans-serif; \/* Ombre subtile pour le \"moule\" g\u00e9n\u00e9ral *\/ box-shadow: 8px 8px 16px #bebebe, -8px -8px 16px #ffffff; } \/* --- 2. Lignes de Formulaire (Inchang\u00e9) --- *\/ #simple-contact-form .scf-row { width: 100%; overflow: hidden; margin: 15px 0; padding: 0; border: 0; } \/* --- 3. \u00c9tiquettes (Labels) (Inchang\u00e9) --- *\/ #simple-contact-form .scf-row label { box-sizing: border-box; float: none; clear: both; width: 100%; margin-top: 0; margin-bottom: 8px; font-size: 95%; font-weight: 500; color: #3a495b; } \/* --- 4. Champs de Saisie (Input\/Textarea) - Effet Concave (Inchang\u00e9) --- *\/ #simple-contact-form .scf-row input[type=\"text\"], #simple-contact-form .scf-row input[type=\"email\"], #simple-contact-form .scf-row textarea { box-sizing: border-box; float: none; clear: both; width: 100%; padding: 12px; border: none; border-radius: 12px; background-color: #f0f0f3; color: #3a495b; \/* OMBRES CONCAVES (Effet Enfonc\u00e9) *\/ box-shadow: inset 5px 5px 10px #c8c8cb, inset -5px -5px 10px #ffffff; transition: all 0.3s ease; } \/* \u00c9tat 'Focus' pour les champs (Inchang\u00e9) *\/ #simple-contact-form .scf-row input:focus, #simple-contact-form .scf-row textarea:focus { box-shadow: inset 4px 4px 8px #c8c8cb, inset -4px -4px 8px #ffffff, 0 0 0 2px rgba(178, 130, 59, 0.2); \/* L\u00e9ger contour ajust\u00e9 au bouton *\/ outline: none; } \/* --- 5. Champ Textarea (Inchang\u00e9) --- *\/ #simple-contact-form .scf-row textarea { min-height: 150px; resize: vertical; } \/* --- 6. Bouton d'Envoi - Effet Convexe (MODIFI\u00c9) --- *\/ div.scf-submit { margin-top: 25px; text-align: center; } #simple-contact-form input[type=\"submit\"] { background-color: #b2823b; \/* Nouvelle couleur de base (Or\/Bronze fonc\u00e9) *\/ color: white; padding: 14px 30px; border: none; border-radius: 15px; cursor: pointer; font-size: 110%; font-weight: bold; \/* OMBRES CONVEXES (Rendues plus DOUCES) *\/ box-shadow: 4px 4px 8px rgba(178, 130, 59, 0.3), -4px -4px 8px rgba(255, 255, 255, 0.8); transition: all 0.3s ease; } \/* \u00c9tat 'Hover' pour le Bouton (MODIFI\u00c9) *\/ #simple-contact-form input[type=\"submit\"]:hover { background-color: #d8c58d; \/* Nouvelle couleur au survol (Or\/Beige clair) *\/ color: #3a495b; \/* Changer la couleur du texte pour le contraste *\/ \/* Ombres encore plus douces au survol *\/ box-shadow: 2px 2px 4px rgba(178, 130, 59, 0.2), -2px -2px 4px rgba(255, 255, 255, 0.9); } \/* \u00c9tat 'Active' pour le Bouton (simule le clic\/enfoncement) (MODIFI\u00c9) *\/ #simple-contact-form input[type=\"submit\"]:active { background-color: #b2823b; color: white; \/* Effet \"Press\u00e9\" (ombres concaves) *\/ box-shadow: inset 3px 3px 7px #9f7335, inset -3px -3px 7px #c79140; transform: scale(0.98); } \/* --- 7. Styles de Messages (Inchang\u00e9) --- *\/ p.scf_error, p.scf_spam { color: #dc3545; background-color: #f0f0f3; border: none; padding: 10px; border-radius: 10px; box-shadow: 3px 3px 6px #bebebe, -3px -3px 6px #ffffff; } p.scf_success { color: #155724; background-color: #f0f0f3; border: none; padding: 10px; border-radius: 10px; box-shadow: 3px 3px 6px #bebebe, -3px -3px 6px #ffffff; } \/* --- 8. Divers (Inchang\u00e9) --- *\/ \/* Confirmation Checkbox *\/ .scf-confirm-checkbox { margin-top: 15px; font-size: 90%; color: #555; display: flex; align-items: center; } .scf-confirm-checkbox input[type=\"checkbox\"] { margin-right: 8px; transform: scale(1.2); } \/* Le champ anti-spam masqu\u00e9 (HONEYPOT) *\/ .scf-website3dhhsy3 { display: none; } \/* Si le plugin utilise des balises pre pour le succ\u00e8s\/erreur *\/ #scf_success pre { white-space: pre-wrap; }<\/style><div style=\"clear:both\">&nbsp;<\/div><\/div>\n\n\n\n<div class=\"wp-block-group alignfull has-accent-5-background-color has-background has-global-padding is-layout-constrained wp-block-group-is-layout-constrained\" style=\"margin-top:0;margin-bottom:0;padding-top:var(--wp--preset--spacing--80);padding-bottom:var(--wp--preset--spacing--80);box-shadow:var(--wp--preset--shadow--deep)\">\n<div class=\"wp-block-columns alignwide is-layout-flex wp-container-core-columns-is-layout-f1de5a03 wp-block-columns-is-layout-flex\" style=\"margin-top:0;margin-bottom:0;padding-right:0;padding-left:0\">\n<div class=\"wp-block-column has-custom-color-3-background-color has-background is-layout-flow wp-block-column-is-layout-flow\" style=\"border-style:none;border-width:0px;border-radius:10px;padding-top:var(--wp--preset--spacing--50);padding-right:var(--wp--preset--spacing--50);padding-bottom:var(--wp--preset--spacing--50);padding-left:var(--wp--preset--spacing--50);box-shadow:var(--wp--preset--shadow--deep)\">\n<h3 class=\"wp-block-heading has-accent-5-color has-text-color has-link-color wp-elements-ed043836e457c00147708e8d7e95fb8a\" id=\"free\"><strong>\u05db\u05d5\u05ea\u05d1\u05ea<\/strong> : <\/h3>\n\n\n\n<p class=\"has-accent-5-color has-text-color has-link-color wp-elements-070e8c051f844f16d2a5b1c66619ad41\">7 Impasse Berthier,<\/p>\n\n\n\n<p class=\"has-accent-5-color has-text-color has-link-color wp-elements-11bb353f1fc10d4bc8380ee3b88c4b34\">93800 \u00c9pinay-sur-Seine,<\/p>\n\n\n\n<p class=\"has-accent-5-color has-text-color has-link-color wp-elements-a40520b6a641ee1d68719f0d88c97908\">France<\/p>\n<\/div>\n\n\n\n<div class=\"wp-block-column has-custom-color-3-background-color has-background is-layout-flow wp-block-column-is-layout-flow\" style=\"border-style:none;border-width:0px;border-radius:10px;padding-top:var(--wp--preset--spacing--50);padding-right:var(--wp--preset--spacing--50);padding-bottom:var(--wp--preset--spacing--50);padding-left:var(--wp--preset--spacing--50);box-shadow:var(--wp--preset--shadow--deep)\">\n<h3 class=\"wp-block-heading has-accent-5-color has-text-color has-link-color wp-elements-d3e25e8a2de105f113ddd5374a0fe924\" id=\"single\"><strong>\u05e7\u05e9\u05e8<\/strong> : <\/h3>\n\n\n\n<p class=\"has-accent-5-color has-text-color has-link-color wp-elements-75d541d5870c107f528c55fe8a5cedfa\"><a href=\"tel:+33123456789\" target=\"_blank\" rel=\"noreferrer noopener\">+33 1 48 26 51 11<\/a><\/p>\n\n\n\n<h3 class=\"wp-block-heading has-accent-5-color has-text-color has-link-color wp-elements-f5e2f28204a6c0c741fec7cd3221e2f0\" id=\"single\"><strong>\u05d0\u05d9\u05de\u05d9\u05d9\u05dc<\/strong> : <\/h3>\n\n\n\n<p class=\"has-accent-5-color has-text-color has-link-color wp-elements-144b8ee2a6aa2ce1c3606776c7d16255\"><a href=\"mailto:info@mekorisrael.org\" target=\"_blank\" rel=\"noreferrer noopener\">info@mekorisrael.org<\/a><\/p>\n<\/div>\n<\/div>\n<\/div>\n\n\n\n<div style=\"height:94px\" aria-hidden=\"true\" class=\"wp-block-spacer\"><\/div>\n\n\n\n<h2 class=\"wp-block-heading has-text-align-center has-custom-color-1-color has-text-color has-link-color has-xx-large-font-size wp-elements-29eeccf898c0263e02e247fe09207f05\"><strong>\u05db\u05d9\u05e6\u05d3 \u05e0\u05d9\u05ea\u05df \u05dc\u05d4\u05d2\u05d9\u05e2 \u05d0\u05dc\u05d9\u05e0\u05d5?<\/strong><\/h2>\n\n\n\n<p><\/p>\n\n\n\n<div style=\"height:39px\" aria-hidden=\"true\" class=\"wp-block-spacer\"><\/div>\n\n\n\n<iframe\n    src=\"https:\/\/www.google.com\/maps\/embed?pb=!1m18!1m12!1m3!1d2616.4862089069333!2d2.315933976527814!3d48.956794199999996!2m3!1f0!2f0!3f0!3m2!1i1024!2i768!4f13.1!3m3!1m2!1s0x47e6686125c13e65%3A0x28af8d6361a6c0c1!2s7%20Impasse%20Berthier%2C%2093800%20%C3%89pinay-sur-Seine%2C%20France!5e0!3m2!1sfr!2sfr!4v1701637500000!5m2!1sfr!2sfr\"\n    width=\"100%\"\n    height=\"400\"\n    style=\"border:0; max-width: 800px; margin: 0 auto; display: block;\"\n    allowfullscreen=\"\"\n    loading=\"lazy\"\n    referrerpolicy=\"no-referrer-when-downgrade\"\n><\/iframe>\n\n<div style=\"text-align: center; margin-top: 15px; display: flex; justify-content: center; gap: 10px;\">\n    \n    <a \n        href=\"https:\/\/waze.com\/ul?q=7%20Impasse%20Berthier%2C%2093800%20\u00c9pinay-sur-Seine%2C%20France&#038;navigate=yes\" \n        target=\"_blank\" \n        style=\"            display: inline-block;             padding: 12px 20px;             background-color: #466c80; \/* Bleu Waze *\/             color: white;             text-decoration: none;             border-radius: 6px;             font-weight: bold;             font-size: 16px;            box-shadow: 0 4px 6px rgba(0,0,0,0.1);        \"\n    >\n        \u05e4\u05ea\u05d9\u05d7\u05d4 \u05d1-Waze\n    <\/a>\n\n    <a \n        href=\"https:\/\/www.google.com\/maps\/dir\/?api=1&#038;destination=7%20Impasse%20Berthier%2C%2093800%20\u00c9pinay-sur-Seine%2C%20France\" \n        target=\"_blank\" \n        style=\"            display: inline-block;             padding: 12px 20px;             background-color: #7791a4; \/* Bleu Google *\/             color: white;             text-decoration: none;             border-radius: 6px;             font-weight: bold;             font-size: 16px;            box-shadow: 0 4px 6px rgba(0,0,0,0.1);        \"\n    >\n        \u05e4\u05ea\u05d9\u05d7\u05d4 \u05d1-Google Maps\n    <\/a>\n\n<\/div>\n\n\n\n<p><\/p>","protected":false},"excerpt":{"rendered":"<p>N&#8217;h\u00e9sitez pas \u00e0 nous \u00e9crire Adresse : 7 Impasse Berthier, 93800 \u00c9pinay-sur-Seine, France T\u00e9l\u00e9phone : +33 1 48 26 51 11 Email : info@mekorisrael.org Comment nous trouver ? Ouvrir dans Waze Ouvrir dans Google Maps<\/p>","protected":false},"author":1,"featured_media":0,"parent":0,"menu_order":9,"comment_status":"closed","ping_status":"closed","template":"","meta":{"give_campaign_id":0,"pgc_sgb_lightbox_settings":"","footnotes":""},"class_list":["post-59","page","type-page","status-publish","hentry"],"campaignId":"","_links":{"self":[{"href":"https:\/\/mekorisrael.fr\/he\/wp-json\/wp\/v2\/pages\/59","targetHints":{"allow":["GET"]}}],"collection":[{"href":"https:\/\/mekorisrael.fr\/he\/wp-json\/wp\/v2\/pages"}],"about":[{"href":"https:\/\/mekorisrael.fr\/he\/wp-json\/wp\/v2\/types\/page"}],"author":[{"embeddable":true,"href":"https:\/\/mekorisrael.fr\/he\/wp-json\/wp\/v2\/users\/1"}],"replies":[{"embeddable":true,"href":"https:\/\/mekorisrael.fr\/he\/wp-json\/wp\/v2\/comments?post=59"}],"version-history":[{"count":43,"href":"https:\/\/mekorisrael.fr\/he\/wp-json\/wp\/v2\/pages\/59\/revisions"}],"predecessor-version":[{"id":4009,"href":"https:\/\/mekorisrael.fr\/he\/wp-json\/wp\/v2\/pages\/59\/revisions\/4009"}],"wp:attachment":[{"href":"https:\/\/mekorisrael.fr\/he\/wp-json\/wp\/v2\/media?parent=59"}],"curies":[{"name":"wp","href":"https:\/\/api.w.org\/{rel}","templated":true}]}}