{"id":4007,"date":"2026-01-06T12:58:00","date_gmt":"2026-01-06T12:58:00","guid":{"rendered":"https:\/\/mekorisrael.fr\/?page_id=4007"},"modified":"2026-01-08T22:20:50","modified_gmt":"2026-01-08T22:20:50","slug":"livres-du-rav","status":"publish","type":"page","link":"https:\/\/mekorisrael.fr\/he\/livres-du-rav\/","title":{"rendered":"\u05e1\u05e4\u05e8\u05d9 \u05d4\u05e8\u05d1"},"content":{"rendered":"<div class=\"wp-block-columns alignwide is-layout-flex wp-container-core-columns-is-layout-28f84493 wp-block-columns-is-layout-flex\">\n<div class=\"wp-block-column is-layout-flow wp-block-column-is-layout-flow\">\n<h2 class=\"wp-block-heading\">\u05e1\u05e4\u05e8 \u05de\u05d0\u05de\u05e8\u05d9 \u05d4\u05e8\u05d1 -\u05db\u05e8\u05da \u05d0\u05f3 \u2013 \u05d6\u05de\u05d9\u05df \u05dc\u05e8\u05db\u05d9\u05e9\u05d4<\/h2>\n\n\n\n<p>\u05d4\u05db\u05e8\u05da \u05d4\u05e8\u05d0\u05e9\u05d5\u05df \u05d6\u05de\u05d9\u05df \u05db\u05e2\u05ea \u05dc\u05e8\u05db\u05d9\u05e9\u05d4.<br>\u05d4\u05e1\u05e4\u05e8 \u05db\u05d5\u05dc\u05dc \u05dc\"\u05d4 \u05de\u05d0\u05de\u05e8\u05d9\u05dd \u05e9\u05dc \u05de\u05d5\u05e8\u05d9\u05e0\u05d5 \u05d4\u05e8\u05d1\n\u05e9\u05e0\u05d0\u05de\u05e8\u05d5 \u05dc\u05d1\u05e0\u05d9 \u05d4\u05d9\u05e9\u05d9\u05d1\u05d4 \u05d1\u05dc\u05d9\u05dc\u05d9 \u05e9\u05d1\u05ea \u05d5\u05d1\u05de\u05d5\u05e6\"\u05e9.\n\u05e0\u05db\u05ea\u05d1 \u05e2\u05dc \u05d9\u05d3\u05d9 \u05d0\u05d7\u05d3 \u05de\u05ea\u05dc\u05de\u05d9\u05d3\u05d9 \u05d4\u05d9\u05e9\u05d9\u05d1\u05d4.<\/p>\n\n\n\n<figure class=\"wp-block-image size-full\"><img loading=\"lazy\" decoding=\"async\" width=\"428\" height=\"656\" src=\"https:\/\/mekorisrael.fr\/wp-content\/uploads\/2026\/01\/Screenshot_20260107_222918.jpg\" alt=\"\" class=\"wp-image-4205\" srcset=\"https:\/\/mekorisrael.fr\/wp-content\/uploads\/2026\/01\/Screenshot_20260107_222918.jpg 428w, https:\/\/mekorisrael.fr\/wp-content\/uploads\/2026\/01\/Screenshot_20260107_222918-196x300.jpg 196w, https:\/\/mekorisrael.fr\/wp-content\/uploads\/2026\/01\/Screenshot_20260107_222918-8x12.jpg 8w\" sizes=\"auto, (max-width: 428px) 100vw, 428px\" \/><\/figure>\n<\/div>\n\n\n\n<div class=\"wp-block-column is-layout-flow wp-block-column-is-layout-flow\"><div class='root-data-givewp-embed' data-form-locale='he_IL' data-form-url='https:\/\/mekorisrael.fr\/?post_type=give_forms&#038;p=3258' data-form-view-url='https:\/\/mekorisrael.fr\/he\/?givewp-route=donation-form-view&#038;form-id=3258' data-src='https:\/\/mekorisrael.fr\/he\/?givewp-route=donation-form-view&#038;form-id=3258' data-givewp-embed-id='give-form-shortcode-1' data-form-format='onpage' data-open-form-button='\u05ea\u05e8\u05d5\u05dd \u05e2\u05db\u05e9\u05d9\u05d5' style='--givewp-primary-color: #19078c; --givewp-secondary-color: #0b72d9;'><\/div>\n\n\n<h2 class=\"wp-block-heading has-custom-color-4-color has-text-color has-link-color has-large-font-size wp-elements-5cc5670b12b536dd6755073d1f73ae7c\"><strong>\u05de\u05d7\u05d9\u05e8: 20 \u05d0\u05d9\u05e8\u05d5<\/strong><\/h2>\n\n\n\n<p>\u05dc\u05d4\u05d6\u05de\u05e0\u05ea \u05db\u05e8\u05da \u05d0\u05f3, \u05d9\u05e9 \u05dc\u05dc\u05d7\u05d5\u05e5 \u05db\u05d0\u05df \u05dc\u05d1\u05d9\u05e6\u05d5\u05e2<br>\u05d4\u05ea\u05e9\u05dc\u05d5\u05dd \u05d5\u05dc\u05d4\u05e9\u05d0\u05d9\u05e8 \u05e4\u05e8\u05d8\u05d9 \u05d4\u05ea\u05e7\u05e9\u05e8\u05d5\u05ea.\n\u05e0\u05e6\u05d9\u05d2 \u05de\u05d4\u05d9\u05e9\u05d9\u05d1\u05d4 \u05d9\u05d9\u05e6\u05d5\u05e8 \u05e2\u05de\u05db\u05dd \u05e7\u05e9\u05e8 \u05dc\u05e6\u05d5\u05e8\u05da \u05d0\u05d9\u05e1\u05d5\u05e3 \u05d4\u05e1\u05e4\u05e8 \u05d1\u05d0\u05d7\u05ea \u05de\u05e0\u05e7\u05d5\u05d3\u05d5\u05ea \u05d4\u05d7\u05dc\u05d5\u05e7\u05d4<\/p>\n<\/div>\n<\/div>\n\n\n\n<div class=\"wp-block-columns alignwide is-layout-flex wp-container-core-columns-is-layout-28f84493 wp-block-columns-is-layout-flex\">\n<div class=\"wp-block-column is-vertically-aligned-center is-layout-flow wp-block-column-is-layout-flow\">\n<div style=\"height:41px\" aria-hidden=\"true\" class=\"wp-block-spacer\"><\/div>\n\n\n\n<h2 class=\"wp-block-heading\">\u05db\u05e8\u05da \u05d1\u05f3 \u2013 \u05d1\u05d4\u05db\u05e0\u05d4<\/h2>\n\n\n\n<p>\u05d4\u05db\u05e8\u05da \u05d4\u05e9\u05e0\u05d9 \u05e0\u05de\u05e6\u05d0 \u05db\u05e2\u05ea \u05d1\u05e9\u05dc\u05d1\u05d9 \u05d4\u05db\u05e0\u05d4.<br>\u05d4\u05e6\u05d9\u05d1\u05d5\u05e8 \u05d9\u05e2\u05d5\u05d3\u05db\u05df \u05e2\u05dd \u05e6\u05d0\u05ea\u05d5 \u05dc\u05d0\u05d5\u05e8.<\/p>\n<\/div>\n\n\n\n<div class=\"wp-block-column is-layout-flow wp-block-column-is-layout-flow\" style=\"flex-basis:3px\"><\/div>\n<\/div>","protected":false},"excerpt":{"rendered":"<p>Volume I \u2013 Disponible Le premier volume est actuellement disponible \u00e0 l\u2019achat.\u00c9crit par un ancien \u00e9l\u00e8ve de la Yechiva, il rassemble une s\u00e9lection de cours du jeudi soir donn\u00e9s par le Rav Heymann, retranscrits en ouvrage. Prix : 20 \u20ac Pour commander le Volume I, merci de cliquer ici pour effectuer le paiement et de [&hellip;]<\/p>","protected":false},"author":1,"featured_media":0,"parent":0,"menu_order":0,"comment_status":"closed","ping_status":"closed","template":"","meta":{"give_campaign_id":0,"pgc_sgb_lightbox_settings":"","footnotes":""},"class_list":["post-4007","page","type-page","status-publish","hentry"],"campaignId":"","_links":{"self":[{"href":"https:\/\/mekorisrael.fr\/he\/wp-json\/wp\/v2\/pages\/4007","targetHints":{"allow":["GET"]}}],"collection":[{"href":"https:\/\/mekorisrael.fr\/he\/wp-json\/wp\/v2\/pages"}],"about":[{"href":"https:\/\/mekorisrael.fr\/he\/wp-json\/wp\/v2\/types\/page"}],"author":[{"embeddable":true,"href":"https:\/\/mekorisrael.fr\/he\/wp-json\/wp\/v2\/users\/1"}],"replies":[{"embeddable":true,"href":"https:\/\/mekorisrael.fr\/he\/wp-json\/wp\/v2\/comments?post=4007"}],"version-history":[{"count":10,"href":"https:\/\/mekorisrael.fr\/he\/wp-json\/wp\/v2\/pages\/4007\/revisions"}],"predecessor-version":[{"id":4271,"href":"https:\/\/mekorisrael.fr\/he\/wp-json\/wp\/v2\/pages\/4007\/revisions\/4271"}],"wp:attachment":[{"href":"https:\/\/mekorisrael.fr\/he\/wp-json\/wp\/v2\/media?parent=4007"}],"curies":[{"name":"wp","href":"https:\/\/api.w.org\/{rel}","templated":true}]}}