{"id":3094,"date":"2025-12-08T16:51:03","date_gmt":"2025-12-08T16:51:03","guid":{"rendered":"https:\/\/mekorisrael.fr\/galerie-2-2-2\/"},"modified":"2025-12-08T17:04:39","modified_gmt":"2025-12-08T17:04:39","slug":"galerie-2-2-2","status":"publish","type":"page","link":"https:\/\/mekorisrael.fr\/he\/galerie-2-2-2\/","title":{"rendered":"\u05d2\u05dc\u05e8\u05d9\u05d4"},"content":{"rendered":"<div class=\"wp-block-columns is-not-stacked-on-mobile has-small-font-size is-layout-flex wp-container-core-columns-is-layout-9c22b1e3 wp-block-columns-is-layout-flex\">\n<div class=\"wp-block-column has-custom-color-1-color has-text-color has-link-color has-x-large-font-size wp-elements-80b66900b3f4c7da7adda83182e0f450 is-layout-flow wp-block-column-is-layout-flow\">\n<p class=\"has-large-font-size\"><a href=\"https:\/\/mekorisrael.fr\/he\/galerie\/\"><strong>\u05d1\u05d9\u05ea \u05e1\u05e4\u05e8 <\/strong><\/a><\/p>\n<\/div>\n\n\n\n<div class=\"wp-block-column has-custom-color-1-color has-text-color has-link-color has-x-large-font-size wp-elements-567217262d2d6ab6b29ca0a396cd2863 is-layout-flow wp-block-column-is-layout-flow\">\n<p class=\"has-large-font-size\"><strong><a href=\"https:\/\/mekorisrael.fr\/he\/galerie-2\/\" data-type=\"link\" data-id=\"https:\/\/mekorisrael.fr\/galerie-2\/\">\u05d9\u05e9\u05d9\u05d1\u05d4 <\/a><\/strong><\/p>\n<\/div>\n\n\n\n<div class=\"wp-block-column has-custom-color-1-color has-text-color has-link-color has-x-large-font-size wp-elements-3e5fbbd70db2135f398bd480c3af166f is-layout-flow wp-block-column-is-layout-flow\">\n<p class=\"has-large-font-size\"><strong><a href=\"https:\/\/mekorisrael.fr\/he\/galerie-2-2\/\" data-type=\"link\" data-id=\"https:\/\/mekorisrael.fr\/galerie-2-2\/\">\u05de\u05e7\u05d5\u05d4 <\/a><\/strong><\/p>\n<\/div>\n\n\n\n<div class=\"wp-block-column has-custom-color-1-color has-text-color has-link-color has-x-large-font-size wp-elements-f0df19a24de75599befa8c52da38c5aa is-layout-flow wp-block-column-is-layout-flow\">\n<p class=\"has-large-font-size\"><strong><a href=\"https:\/\/mekorisrael.fr\/he\/galerie-2-2-2\/\" data-type=\"link\" data-id=\"https:\/\/mekorisrael.fr\/galerie-2-2-2\/\">\u05d4\u05e8\u05d1 <\/a><\/strong><\/p>\n<\/div>\n<\/div>\n\n\n\n<div style=\"height:48px\" aria-hidden=\"true\" class=\"wp-block-spacer\"><\/div>\n\n\n<div id=\"envira-gallery-wrap-3096\" class=\"envira-gallery-wrap envira-gallery-theme-base envira-lightbox-theme-base\" itemscope itemtype=\"https:\/\/schema.org\/ImageGallery\"><div data-row-height=\"150\" data-gallery-theme=\"normal\" id=\"envira-gallery-3096\" class=\"envira-gallery-public envira-gallery-justified-public envira-gallery-0-columns envira-clear enviratope envira-gallery-css-animations\" data-envira-columns=\"0\"><div id=\"envira-gallery-item-3097\" class=\"envira-gallery-item enviratope-item envira-gallery-item-1 envira-lazy-load\" style=\"padding-left: 5px; padding-bottom: 10px; padding-right: 5px;\"  itemscope itemtype=\"https:\/\/schema.org\/ImageObject\"><div class=\"envira-gallery-item-inner\"><div class=\"envira-gallery-position-overlay  envira-gallery-top-left\"><\/div><div class=\"envira-gallery-position-overlay  envira-gallery-top-right\"><\/div><div class=\"envira-gallery-position-overlay  envira-gallery-bottom-left\"><\/div><div class=\"envira-gallery-position-overlay  envira-gallery-bottom-right\"><\/div><a href=\"https:\/\/mekorisrael.fr\/wp-content\/uploads\/2025\/12\/copie.1.papa_-1.jpg\" class=\"envira-gallery-3096 envira-gallery-link\" rel=\"enviragallery3096\" title=\"Le rav\" data-envira-caption=\"Le rav\" data-envira-retina=\"\" data-thumbnail=\"\"  itemprop=\"contentUrl\"><img decoding=\"async\" id=\"envira-gallery-image-3097\" class=\"envira-gallery-image envira-gallery-image-1 envira-normal envira-lazy\" data-envira-index=\"1\" src=\"https:\/\/mekorisrael.fr\/wp-content\/uploads\/2025\/12\/copie.1.papa_-1-1024x576.jpg\" data-envira-src=\"https:\/\/mekorisrael.fr\/wp-content\/uploads\/2025\/12\/copie.1.papa_-1-1024x576.jpg\" data-envira-gallery-id=\"3096\" data-envira-item-id=\"3097\" data-envira-caption=\"Le rav\" alt=\"\" title=\"Le rav\"  itemprop=\"thumbnailUrl\" data-envira-srcset=\"https:\/\/mekorisrael.fr\/wp-content\/uploads\/2025\/12\/copie.1.papa_-1-1024x576.jpg 400w,https:\/\/mekorisrael.fr\/wp-content\/uploads\/2025\/12\/copie.1.papa_-1-1024x576.jpg 2x\" data-envira-width=\"300\" data-envira-height=\"169\" srcset=\"data:image\/gif;base64,R0lGODlhAQABAIAAAP\/\/\/\/\/\/\/yH5BAEKAAEALAAAAAABAAEAAAICTAEAOw==\" data-safe-src=\"data:image\/gif;base64,R0lGODlhAQABAIAAAP\/\/\/\/\/\/\/yH5BAEKAAEALAAAAAABAAEAAAICTAEAOw==\" \/><\/a><\/div><\/div><div id=\"envira-gallery-item-3100\" class=\"envira-gallery-item enviratope-item envira-gallery-item-2 envira-lazy-load\" style=\"padding-left: 5px; padding-bottom: 10px; padding-right: 5px;\"  itemscope itemtype=\"https:\/\/schema.org\/ImageObject\"><div class=\"envira-gallery-item-inner\"><div class=\"envira-gallery-position-overlay  envira-gallery-top-left\"><\/div><div class=\"envira-gallery-position-overlay  envira-gallery-top-right\"><\/div><div class=\"envira-gallery-position-overlay  envira-gallery-bottom-left\"><\/div><div class=\"envira-gallery-position-overlay  envira-gallery-bottom-right\"><\/div><a href=\"https:\/\/mekorisrael.fr\/wp-content\/uploads\/2025\/12\/photo-papa.sans-bouteille-1-1.jpg\" class=\"envira-gallery-3096 envira-gallery-link\" rel=\"enviragallery3096\" title=\"Le rav parle\" data-envira-caption=\"Le rav parle\" data-envira-retina=\"\" data-thumbnail=\"\"  itemprop=\"contentUrl\"><img decoding=\"async\" id=\"envira-gallery-image-3100\" class=\"envira-gallery-image envira-gallery-image-2 envira-normal envira-lazy\" data-envira-index=\"2\" src=\"https:\/\/mekorisrael.fr\/wp-content\/uploads\/2025\/12\/photo-papa.sans-bouteille-1-1.jpg\" data-envira-src=\"https:\/\/mekorisrael.fr\/wp-content\/uploads\/2025\/12\/photo-papa.sans-bouteille-1-1.jpg\" data-envira-gallery-id=\"3096\" data-envira-item-id=\"3100\" data-envira-caption=\"Le rav parle\" alt=\"\" title=\"Le rav parle\"  itemprop=\"thumbnailUrl\" data-envira-srcset=\"https:\/\/mekorisrael.fr\/wp-content\/uploads\/2025\/12\/photo-papa.sans-bouteille-1-1.jpg 400w,https:\/\/mekorisrael.fr\/wp-content\/uploads\/2025\/12\/photo-papa.sans-bouteille-1-1.jpg 2x\" data-envira-width=\"300\" data-envira-height=\"258\" srcset=\"data:image\/gif;base64,R0lGODlhAQABAIAAAP\/\/\/\/\/\/\/yH5BAEKAAEALAAAAAABAAEAAAICTAEAOw==\" data-safe-src=\"data:image\/gif;base64,R0lGODlhAQABAIAAAP\/\/\/\/\/\/\/yH5BAEKAAEALAAAAAABAAEAAAICTAEAOw==\" \/><\/a><\/div><\/div><div id=\"envira-gallery-item-3101\" class=\"envira-gallery-item enviratope-item envira-gallery-item-3 envira-lazy-load\" style=\"padding-left: 5px; padding-bottom: 10px; padding-right: 5px;\"  itemscope itemtype=\"https:\/\/schema.org\/ImageObject\"><div class=\"envira-gallery-item-inner\"><div class=\"envira-gallery-position-overlay  envira-gallery-top-left\"><\/div><div class=\"envira-gallery-position-overlay  envira-gallery-top-right\"><\/div><div class=\"envira-gallery-position-overlay  envira-gallery-bottom-left\"><\/div><div class=\"envira-gallery-position-overlay  envira-gallery-bottom-right\"><\/div><a href=\"https:\/\/mekorisrael.fr\/wp-content\/uploads\/2025\/12\/WhatsApp-Image-2020-12-31-at-13.38.21-1-1.jpeg\" class=\"envira-gallery-3096 envira-gallery-link\" rel=\"enviragallery3096\" title=\"Le Rav 2021\" data-envira-caption=\"Le Rav 2021\" data-envira-retina=\"\" data-thumbnail=\"\"  itemprop=\"contentUrl\"><img decoding=\"async\" id=\"envira-gallery-image-3101\" class=\"envira-gallery-image envira-gallery-image-3 envira-normal envira-lazy\" data-envira-index=\"3\" src=\"https:\/\/mekorisrael.fr\/wp-content\/uploads\/2025\/12\/WhatsApp-Image-2020-12-31-at-13.38.21-1-1-1024x682.jpeg\" data-envira-src=\"https:\/\/mekorisrael.fr\/wp-content\/uploads\/2025\/12\/WhatsApp-Image-2020-12-31-at-13.38.21-1-1-1024x682.jpeg\" data-envira-gallery-id=\"3096\" data-envira-item-id=\"3101\" data-envira-caption=\"Le Rav 2021\" alt=\"\" title=\"Le Rav 2021\"  itemprop=\"thumbnailUrl\" data-envira-srcset=\"https:\/\/mekorisrael.fr\/wp-content\/uploads\/2025\/12\/WhatsApp-Image-2020-12-31-at-13.38.21-1-1-1024x682.jpeg 400w,https:\/\/mekorisrael.fr\/wp-content\/uploads\/2025\/12\/WhatsApp-Image-2020-12-31-at-13.38.21-1-1-1024x682.jpeg 2x\" data-envira-width=\"300\" data-envira-height=\"200\" srcset=\"data:image\/gif;base64,R0lGODlhAQABAIAAAP\/\/\/\/\/\/\/yH5BAEKAAEALAAAAAABAAEAAAICTAEAOw==\" data-safe-src=\"data:image\/gif;base64,R0lGODlhAQABAIAAAP\/\/\/\/\/\/\/yH5BAEKAAEALAAAAAABAAEAAAICTAEAOw==\" \/><\/a><\/div><\/div><div id=\"envira-gallery-item-3102\" class=\"envira-gallery-item enviratope-item envira-gallery-item-4 envira-lazy-load\" style=\"padding-left: 5px; padding-bottom: 10px; padding-right: 5px;\"  itemscope itemtype=\"https:\/\/schema.org\/ImageObject\"><div class=\"envira-gallery-item-inner\"><div class=\"envira-gallery-position-overlay  envira-gallery-top-left\"><\/div><div class=\"envira-gallery-position-overlay  envira-gallery-top-right\"><\/div><div class=\"envira-gallery-position-overlay  envira-gallery-bottom-left\"><\/div><div class=\"envira-gallery-position-overlay  envira-gallery-bottom-right\"><\/div><a href=\"https:\/\/mekorisrael.fr\/wp-content\/uploads\/2025\/12\/WhatsApp-Image-2020-12-31-at-13.38_edited-1.jpg\" class=\"envira-gallery-3096 envira-gallery-link\" rel=\"enviragallery3096\" title=\"Le Rav 2020\" data-envira-caption=\"Le Rav 2020\" data-envira-retina=\"\" data-thumbnail=\"\"  itemprop=\"contentUrl\"><img decoding=\"async\" id=\"envira-gallery-image-3102\" class=\"envira-gallery-image envira-gallery-image-4 envira-normal envira-lazy\" data-envira-index=\"4\" src=\"https:\/\/mekorisrael.fr\/wp-content\/uploads\/2025\/12\/WhatsApp-Image-2020-12-31-at-13.38_edited-1-759x1024.jpg\" data-envira-src=\"https:\/\/mekorisrael.fr\/wp-content\/uploads\/2025\/12\/WhatsApp-Image-2020-12-31-at-13.38_edited-1-759x1024.jpg\" data-envira-gallery-id=\"3096\" data-envira-item-id=\"3102\" data-envira-caption=\"Le Rav 2020\" alt=\"\" title=\"Le Rav 2020\"  itemprop=\"thumbnailUrl\" data-envira-srcset=\"https:\/\/mekorisrael.fr\/wp-content\/uploads\/2025\/12\/WhatsApp-Image-2020-12-31-at-13.38_edited-1-759x1024.jpg 400w,https:\/\/mekorisrael.fr\/wp-content\/uploads\/2025\/12\/WhatsApp-Image-2020-12-31-at-13.38_edited-1-759x1024.jpg 2x\" data-envira-width=\"222\" data-envira-height=\"300\" srcset=\"data:image\/gif;base64,R0lGODlhAQABAIAAAP\/\/\/\/\/\/\/yH5BAEKAAEALAAAAAABAAEAAAICTAEAOw==\" data-safe-src=\"data:image\/gif;base64,R0lGODlhAQABAIAAAP\/\/\/\/\/\/\/yH5BAEKAAEALAAAAAABAAEAAAICTAEAOw==\" \/><\/a><\/div><\/div><div id=\"envira-gallery-item-3732\" class=\"envira-gallery-item enviratope-item envira-gallery-item-5 envira-lazy-load\" style=\"padding-left: 5px; padding-bottom: 10px; padding-right: 5px;\"  itemscope itemtype=\"https:\/\/schema.org\/ImageObject\"><div class=\"envira-gallery-item-inner\"><div class=\"envira-gallery-position-overlay  envira-gallery-top-left\"><\/div><div class=\"envira-gallery-position-overlay  envira-gallery-top-right\"><\/div><div class=\"envira-gallery-position-overlay  envira-gallery-bottom-left\"><\/div><div class=\"envira-gallery-position-overlay  envira-gallery-bottom-right\"><\/div><a href=\"https:\/\/mekorisrael.fr\/wp-content\/uploads\/2025\/12\/Le-rav.jpeg\" class=\"envira-gallery-3096 envira-gallery-link\" rel=\"enviragallery3096\" title=\"Le rav\" data-envira-caption=\"Le rav\" data-envira-retina=\"\" data-thumbnail=\"\"  itemprop=\"contentUrl\"><img decoding=\"async\" id=\"envira-gallery-image-3732\" class=\"envira-gallery-image envira-gallery-image-5 envira-normal envira-lazy\" data-envira-index=\"5\" src=\"https:\/\/mekorisrael.fr\/wp-content\/uploads\/2025\/12\/Le-rav-1024x576.jpeg\" data-envira-src=\"https:\/\/mekorisrael.fr\/wp-content\/uploads\/2025\/12\/Le-rav-1024x576.jpeg\" data-envira-gallery-id=\"3096\" data-envira-item-id=\"3732\" data-envira-caption=\"Le rav\" alt=\"\" title=\"Le rav\"  itemprop=\"thumbnailUrl\" data-envira-srcset=\"https:\/\/mekorisrael.fr\/wp-content\/uploads\/2025\/12\/Le-rav-1024x576.jpeg 400w,https:\/\/mekorisrael.fr\/wp-content\/uploads\/2025\/12\/Le-rav-1024x576.jpeg 2x\" data-envira-width=\"300\" data-envira-height=\"169\" srcset=\"data:image\/gif;base64,R0lGODlhAQABAIAAAP\/\/\/\/\/\/\/yH5BAEKAAEALAAAAAABAAEAAAICTAEAOw==\" data-safe-src=\"data:image\/gif;base64,R0lGODlhAQABAIAAAP\/\/\/\/\/\/\/yH5BAEKAAEALAAAAAABAAEAAAICTAEAOw==\" \/><\/a><\/div><\/div><div id=\"envira-gallery-item-4166\" class=\"envira-gallery-item enviratope-item envira-gallery-item-6 envira-lazy-load\" style=\"padding-left: 5px; padding-bottom: 10px; padding-right: 5px;\"  itemscope itemtype=\"https:\/\/schema.org\/ImageObject\"><div class=\"envira-gallery-item-inner\"><div class=\"envira-gallery-position-overlay  envira-gallery-top-left\"><\/div><div class=\"envira-gallery-position-overlay  envira-gallery-top-right\"><\/div><div class=\"envira-gallery-position-overlay  envira-gallery-bottom-left\"><\/div><div class=\"envira-gallery-position-overlay  envira-gallery-bottom-right\"><\/div><a href=\"https:\/\/mekorisrael.fr\/wp-content\/uploads\/2025\/12\/IMG-20260107-WA0322.jpg\" class=\"envira-gallery-3096 envira-gallery-link\" rel=\"enviragallery3096\" title=\"\u05d4\u05e8\u05d1\" data-envira-caption=\"Le Rav\" data-envira-retina=\"\" data-thumbnail=\"\"  itemprop=\"contentUrl\"><img decoding=\"async\" id=\"envira-gallery-image-4166\" class=\"envira-gallery-image envira-gallery-image-6 envira-normal envira-lazy\" data-envira-index=\"6\" src=\"https:\/\/mekorisrael.fr\/wp-content\/uploads\/2025\/12\/IMG-20260107-WA0322-1024x768.jpg\" data-envira-src=\"https:\/\/mekorisrael.fr\/wp-content\/uploads\/2025\/12\/IMG-20260107-WA0322-1024x768.jpg\" data-envira-gallery-id=\"3096\" data-envira-item-id=\"4166\" data-envira-caption=\"Le Rav\" alt=\"\" title=\"\u05d4\u05e8\u05d1\"  itemprop=\"thumbnailUrl\" data-envira-srcset=\"https:\/\/mekorisrael.fr\/wp-content\/uploads\/2025\/12\/IMG-20260107-WA0322-1024x768.jpg 400w,https:\/\/mekorisrael.fr\/wp-content\/uploads\/2025\/12\/IMG-20260107-WA0322-1024x768.jpg 2x\" data-envira-width=\"300\" data-envira-height=\"225\" srcset=\"data:image\/gif;base64,R0lGODlhAQABAIAAAP\/\/\/\/\/\/\/yH5BAEKAAEALAAAAAABAAEAAAICTAEAOw==\" data-safe-src=\"data:image\/gif;base64,R0lGODlhAQABAIAAAP\/\/\/\/\/\/\/yH5BAEKAAEALAAAAAABAAEAAAICTAEAOw==\" \/><\/a><\/div><\/div><div id=\"envira-gallery-item-4167\" class=\"envira-gallery-item enviratope-item envira-gallery-item-7 envira-lazy-load\" style=\"padding-left: 5px; padding-bottom: 10px; padding-right: 5px;\"  itemscope itemtype=\"https:\/\/schema.org\/ImageObject\"><div class=\"envira-gallery-item-inner\"><div class=\"envira-gallery-position-overlay  envira-gallery-top-left\"><\/div><div class=\"envira-gallery-position-overlay  envira-gallery-top-right\"><\/div><div class=\"envira-gallery-position-overlay  envira-gallery-bottom-left\"><\/div><div class=\"envira-gallery-position-overlay  envira-gallery-bottom-right\"><\/div><a href=\"https:\/\/mekorisrael.fr\/wp-content\/uploads\/2025\/12\/IMG-20260107-WA0323.jpg\" class=\"envira-gallery-3096 envira-gallery-link\" rel=\"enviragallery3096\" title=\"\u05d4\u05e8\u05d1\" data-envira-caption=\"Le Rav\" data-envira-retina=\"\" data-thumbnail=\"\"  itemprop=\"contentUrl\"><img decoding=\"async\" id=\"envira-gallery-image-4167\" class=\"envira-gallery-image envira-gallery-image-7 envira-normal envira-lazy\" data-envira-index=\"7\" src=\"https:\/\/mekorisrael.fr\/wp-content\/uploads\/2025\/12\/IMG-20260107-WA0323-650x1024.jpg\" data-envira-src=\"https:\/\/mekorisrael.fr\/wp-content\/uploads\/2025\/12\/IMG-20260107-WA0323-650x1024.jpg\" data-envira-gallery-id=\"3096\" data-envira-item-id=\"4167\" data-envira-caption=\"Le Rav\" alt=\"\" title=\"\u05d4\u05e8\u05d1\"  itemprop=\"thumbnailUrl\" data-envira-srcset=\"https:\/\/mekorisrael.fr\/wp-content\/uploads\/2025\/12\/IMG-20260107-WA0323-650x1024.jpg 400w,https:\/\/mekorisrael.fr\/wp-content\/uploads\/2025\/12\/IMG-20260107-WA0323-650x1024.jpg 2x\" data-envira-width=\"190\" data-envira-height=\"300\" srcset=\"data:image\/gif;base64,R0lGODlhAQABAIAAAP\/\/\/\/\/\/\/yH5BAEKAAEALAAAAAABAAEAAAICTAEAOw==\" data-safe-src=\"data:image\/gif;base64,R0lGODlhAQABAIAAAP\/\/\/\/\/\/\/yH5BAEKAAEALAAAAAABAAEAAAICTAEAOw==\" \/><\/a><\/div><\/div><div id=\"envira-gallery-item-4168\" class=\"envira-gallery-item enviratope-item envira-gallery-item-8 envira-lazy-load\" style=\"padding-left: 5px; padding-bottom: 10px; padding-right: 5px;\"  itemscope itemtype=\"https:\/\/schema.org\/ImageObject\"><div class=\"envira-gallery-item-inner\"><div class=\"envira-gallery-position-overlay  envira-gallery-top-left\"><\/div><div class=\"envira-gallery-position-overlay  envira-gallery-top-right\"><\/div><div class=\"envira-gallery-position-overlay  envira-gallery-bottom-left\"><\/div><div class=\"envira-gallery-position-overlay  envira-gallery-bottom-right\"><\/div><a href=\"https:\/\/mekorisrael.fr\/wp-content\/uploads\/2025\/12\/IMG-20260107-WA0321.jpg\" class=\"envira-gallery-3096 envira-gallery-link\" rel=\"enviragallery3096\" title=\"\u05d4\u05e8\u05d1\" data-envira-caption=\"Le Rav\" data-envira-retina=\"\" data-thumbnail=\"\"  itemprop=\"contentUrl\"><img decoding=\"async\" id=\"envira-gallery-image-4168\" class=\"envira-gallery-image envira-gallery-image-8 envira-normal envira-lazy\" data-envira-index=\"8\" src=\"https:\/\/mekorisrael.fr\/wp-content\/uploads\/2025\/12\/IMG-20260107-WA0321-1024x678.jpg\" data-envira-src=\"https:\/\/mekorisrael.fr\/wp-content\/uploads\/2025\/12\/IMG-20260107-WA0321-1024x678.jpg\" data-envira-gallery-id=\"3096\" data-envira-item-id=\"4168\" data-envira-caption=\"Le Rav\" alt=\"\" title=\"\u05d4\u05e8\u05d1\"  itemprop=\"thumbnailUrl\" data-envira-srcset=\"https:\/\/mekorisrael.fr\/wp-content\/uploads\/2025\/12\/IMG-20260107-WA0321-1024x678.jpg 400w,https:\/\/mekorisrael.fr\/wp-content\/uploads\/2025\/12\/IMG-20260107-WA0321-1024x678.jpg 2x\" data-envira-width=\"300\" data-envira-height=\"199\" srcset=\"data:image\/gif;base64,R0lGODlhAQABAIAAAP\/\/\/\/\/\/\/yH5BAEKAAEALAAAAAABAAEAAAICTAEAOw==\" data-safe-src=\"data:image\/gif;base64,R0lGODlhAQABAIAAAP\/\/\/\/\/\/\/yH5BAEKAAEALAAAAAABAAEAAAICTAEAOw==\" \/><\/a><\/div><\/div><\/div><\/div><noscript><img decoding=\"async\" src=\"https:\/\/mekorisrael.fr\/wp-content\/uploads\/2025\/12\/copie.1.papa_-1.jpg\" alt=\"\" \/><img decoding=\"async\" src=\"https:\/\/mekorisrael.fr\/wp-content\/uploads\/2025\/12\/photo-papa.sans-bouteille-1-1.jpg\" alt=\"\" \/><img decoding=\"async\" src=\"https:\/\/mekorisrael.fr\/wp-content\/uploads\/2025\/12\/WhatsApp-Image-2020-12-31-at-13.38.21-1-1.jpeg\" alt=\"\" \/><img decoding=\"async\" src=\"https:\/\/mekorisrael.fr\/wp-content\/uploads\/2025\/12\/WhatsApp-Image-2020-12-31-at-13.38_edited-1.jpg\" alt=\"\" \/><img decoding=\"async\" src=\"https:\/\/mekorisrael.fr\/wp-content\/uploads\/2025\/12\/Le-rav.jpeg\" alt=\"\" \/><img decoding=\"async\" src=\"https:\/\/mekorisrael.fr\/wp-content\/uploads\/2025\/12\/IMG-20260107-WA0322.jpg\" alt=\"\" \/><img decoding=\"async\" src=\"https:\/\/mekorisrael.fr\/wp-content\/uploads\/2025\/12\/IMG-20260107-WA0323.jpg\" alt=\"\" \/><img decoding=\"async\" src=\"https:\/\/mekorisrael.fr\/wp-content\/uploads\/2025\/12\/IMG-20260107-WA0321.jpg\" alt=\"\" \/><\/noscript>","protected":false},"excerpt":{"rendered":"<p>\u00c9cole Y\u00e9chiva Mikv\u00e9 Le Rav<\/p>","protected":false},"author":0,"featured_media":0,"parent":0,"menu_order":6,"comment_status":"closed","ping_status":"closed","template":"","meta":{"give_campaign_id":0,"pgc_sgb_lightbox_settings":"","footnotes":""},"class_list":["post-3094","page","type-page","status-publish","hentry"],"campaignId":"","_links":{"self":[{"href":"https:\/\/mekorisrael.fr\/he\/wp-json\/wp\/v2\/pages\/3094","targetHints":{"allow":["GET"]}}],"collection":[{"href":"https:\/\/mekorisrael.fr\/he\/wp-json\/wp\/v2\/pages"}],"about":[{"href":"https:\/\/mekorisrael.fr\/he\/wp-json\/wp\/v2\/types\/page"}],"replies":[{"embeddable":true,"href":"https:\/\/mekorisrael.fr\/he\/wp-json\/wp\/v2\/comments?post=3094"}],"version-history":[{"count":2,"href":"https:\/\/mekorisrael.fr\/he\/wp-json\/wp\/v2\/pages\/3094\/revisions"}],"predecessor-version":[{"id":3107,"href":"https:\/\/mekorisrael.fr\/he\/wp-json\/wp\/v2\/pages\/3094\/revisions\/3107"}],"wp:attachment":[{"href":"https:\/\/mekorisrael.fr\/he\/wp-json\/wp\/v2\/media?parent=3094"}],"curies":[{"name":"wp","href":"https:\/\/api.w.org\/{rel}","templated":true}]}}