{"id":10,"date":"2025-12-01T15:28:11","date_gmt":"2025-12-01T15:28:11","guid":{"rendered":"https:\/\/mekorisrael.fr\/?page_id=10"},"modified":"2026-01-08T11:35:13","modified_gmt":"2026-01-08T11:35:13","slug":"nos-institutions","status":"publish","type":"page","link":"https:\/\/mekorisrael.fr\/he\/nos-institutions\/","title":{"rendered":"\u05d4\u05de\u05d5\u05e1\u05d3\u05d5\u05ea"},"content":{"rendered":"<h2 class=\"wp-block-heading alignwide has-custom-color-1-color has-text-color has-link-color has-xx-large-font-size wp-elements-ad33588050ef18a86d151268739299c7\" id=\"y\u00e9chiva\" style=\"margin-left:var(--wp--preset--spacing--80)\"><strong>\u05d9\u05e9\u05d9\u05d1\u05d4 \u05de\u05e7\u05d5\u05e8 \u05d9\u05e9\u05e8\u05d0\u05dc<\/strong> :<\/h2>\n\n\n\n<div style=\"height:15px\" aria-hidden=\"true\" class=\"wp-block-spacer\"><\/div>\n\n\n\n<div class=\"wp-block-columns alignwide is-layout-flex wp-container-core-columns-is-layout-28f84493 wp-block-columns-is-layout-flex\">\n<div class=\"wp-block-column is-layout-flow wp-block-column-is-layout-flow\">\n<div style=\"display: flex; justify-content: center; padding: 0 16px;\">\n  <div style=\"max-width: 1100px; text-align: justify; text-justify: inter-word; word-spacing: normal; line-height: 1.6; direction: ltr; letter-spacing: 0.01em; hyphens: auto; -webkit-hyphens: auto; -ms-hyphens: auto;\">\n    \u05de\u05d0\u05d6 \u05d5\u05de\u05e2\u05d5\u05dc\u05dd, \u05d1\u05db\u05dc \u05de\u05e7\u05d5\u05dd \u05e9\u05d1\u05d5 \u05d4\u05d9\u05d4 \u05d4\u05e2\u05dd \u05d4\u05d9\u05d4\u05d5\u05d3\u05d9 \u2013 \u05d4\u05d9\u05d9\u05ea\u05d4 \u05d9\u05e9\u05d9\u05d1\u05d4. \u05d4\u05d9\u05e9\u05d9\u05d1\u05d4 \u05d4\u05d9\u05d0 \u05d4\u05de\u05e7\u05d5\u05dd \u05d4\u05d9\u05d9\u05d7\u05d5\u05d3\u05d9 \u05e9\u05d1\u05d5 \u05d9\u05db\u05d5\u05dc \u05db\u05dc \u05d0\u05d3\u05dd \u05dc\u05d4\u05e9\u05ea\u05dc\u05d1 \u05d1\u05e9\u05e8\u05e9\u05e8\u05ea \u05d4\u05d0\u05e8\u05d5\u05db\u05d4 \u05e9\u05dc \u05d4\u05de\u05e1\u05d5\u05e8\u05ea \u05de\u05e1\u05d9\u05e0\u05d9, \u05d5\u05d4\u05d9\u05d0 \u05e2\u05de\u05d5\u05d3 \u05e7\u05d9\u05d5\u05de\u05d5 \u05e9\u05dc \u05e2\u05de\u05e0\u05d5.<br><br>\n\n    \u05d1\u05d4\u05d3\u05e8\u05db\u05ea\u05d4, \u05de\u05e0\u05d7\u05d4 \u05d4\u05d9\u05e9\u05d9\u05d1\u05d4 \u05db\u05dc \u05d9\u05d4\u05d5\u05d3\u05d9 \u05d1\u05d7\u05db\u05de\u05ea \u05d4\u05ea\u05d5\u05e8\u05d4, \u05d5\u05de\u05db\u05d5\u05d5\u05e0\u05ea \u05d5\u05de\u05e0\u05ea\u05d1\u05ea \u05e8\u05d1\u05e0\u05d9\u05dd \u05d5\u05de\u05d5\u05e8\u05d9\u05dd \u05d0\u05dc \u05d7\u05db\u05de\u05d4 \u05d5\u05de\u05d3\u05e2\n\u05e2\u05de\u05d5\u05e7 \u05d5\u05d0\u05d9\u05df \u05e1\u05d5\u05e4\u05d9.\n\u05db\u05d0\u05df \u05de\u05ea\u05e7\u05d9\u05d9\u05dd\u2013 \u05db\u05ea\u05db\u05dc\u05d9\u05ea \u05d1\u05e4\u05e0\u05d9 \u05e2\u05e6\u05de\u05d5\u2013 \u05d4\u05de\u05e1\u05d9\u05e8\u05d4,\u05d4\u05e2\u05d9\u05d5\u05df \u05d5\u05e4\u05e8\u05e9\u05e0\u05d5\u05ea \u05d4\u05ea\u05d5\u05e8\u05d4<br><br>\n\n    \u05d1\u05e9\u05e0\u05ea 1978 \u05d4\u05e9\u05ea\u05e7\u05e2<b style=\"font-weight: 900;\">\u05d4\u05d2\u05e8\u05d0''\u05d3 \u05d4\u05d9\u05d9\u05de\u05df \u05e9\u05dc\u05d9\u05d8''\u05d0,<\/b> \u05d1\u05e2\u05d9\u05e4\u05e0\u05e2\u05d9 \u05e1\u05d5\u05e8 \u05e1\u05df \u05d9\u05d7\u05d3 \u05e2\u05dd \u05e7\u05d1\u05d5\u05e6\u05d4 \u05e8\u05d0\u05e9\u05d5\u05e0\u05d4 \u05e9\u05dc\n\u05e9\u05de\u05d5\u05e0\u05d4 \u05d1\u05d7\u05d5\u05e8\u05d9\u05dd, \u05d5\u05d9\u05e1\u05d3 \u05d1\u05de\u05e7\u05d5\u05dd \u05d0\u05ea \u05d9\u05e9\u05d9\u05d1\u05ea \u05de\u05e7\u05d5\u05e8 \u05d9\u05e9\u05e8\u05d0\u05dc.\n\u05de\u05d0\u05d6, \u05d5\u05d1\u05e1\u05d9\u05d5\u05e2\u05dd \u05e9\u05dc \u05d4\u05e8\u05d1 \u05d9\u05e6\u05d7\u05e7 \u05dc\u05d5\u05d9 \u05d5\u05d4\u05e8\u05d1 \u05d1\u05df \u05e6\u05d9\u05d5\u05df \u05e9\u05e0\u05e7\u05e8,\n\u05d4\u05d9\u05e9\u05d9\u05d1\u05d4 \u05de\u05db\u05e9\u05d9\u05e8\u05d4 \u05d0\u05ea \u05ea\u05dc\u05de\u05d9\u05d3\u05d9\u05d4 \u05dc\u05e8\u05de\u05d5\u05ea \u05d4\u05d2\u05d1\u05d5\u05d4\u05d5\u05ea \u05d1\u05d9\u05d5\u05ea\u05e8 \u05e9\u05dc \u05dc\u05d9\u05de\u05d5\u05d3 \u05d4\u05ea\u05d5\u05e8\u05d4.<br><br>\n\n    \u05d1\u05e9\u05e0\u05d9\u05dd \u05d4\u05d0\u05d7\u05e8\u05d5\u05e0\u05d5\u05ea, \u05d1\u05e9\u05d9\u05ea\u05d5\u05e3 \u05d4\u05e8\u05d1 \u05d0\u05dc\u05d9\u05e2\u05d6\u05e8 \u05e9\u05de\u05d5\u05d0\u05dc\u05d1\u05d9\u05e5 \u05d5\u05d4\u05e8\u05d1 \u05d1\u05e8\u05d5\u05da, \u05de\u05db\u05d5\u05d5\u05df \u05d4\u05d2\u05e8\u05d0''\u05d3 \u05d4\u05d9\u05d9\u05de\u05df \u05d0\u05ea \u05ea\u05d5\u05db\u05e0\u05d9\u05d5\u05ea \u05d4\u05dc\u05d9\u05de\u05d5\u05d3\n\u05d5\u05de\u05dc\u05de\u05d3 \u05d1\u05e7\u05d1\u05d9\u05e2\u05d5\u05ea \u05d0\u05ea \u05ea\u05dc\u05de\u05d9\u05d3\u05d9 \u05d4\u05d9\u05e9\u05d9\u05d1\u05d4.\n\u05de\u05e2\u05d1\u05e8 \u05dc\u05d4\u05d9\u05d5\u05ea\u05d4 \u05e9\u05de\u05d4 \u05e9\u05dc \u05e2\u05d9\u05e8 \u05d1\u05e4\u05e8\u05d1\u05e8\u05d9 \u05e4\u05e8\u05d9\u05d6, \u05d4\u05e4\u05db\u05d4 ''\u05e2\u05d9\u05e4\u05e0\u05e2\u05d9'' \u05dc\u05e1\u05de\u05dc \u05e9\u05dc \u05d9\u05e9\u05d9\u05d1\u05d4<br><br>\n\n    \u05db\u05e0\u05d0\u05de\u05e0\u05d4 \u05dc\u05d3\u05e8\u05db\u05d4 \u05d5\u05dc\u05e2\u05e7\u05e8\u05d5\u05e0\u05d5\u05ea\u05d9\u05d4, \u05d3\u05d5\u05d0\u05d2\u05ea \u05d4\u05d9\u05e9\u05d9\u05d1\u05d4 \u05dc\u05d0 \u05e8\u05e7 \u05dc\u05d4\u05e2\u05d1\u05e8\u05ea \u05e2\u05e8\u05db\u05d9 \u05d4\u05ea\u05d5\u05e8\u05d4 \u05d5\u05dc\u05d9\u05de\u05d5\u05d3\u05d9\u05d4 \u05d1\u05d0\u05d5\u05e4\u05df \u05de\u05e7\u05d5\u05de\u05d9\n\u05d5\u05d1\u05dc\u05e2\u05d3\u05d9, \u05d0\u05dc\u05d0 \u05d2\u05dd \u05e2\u05d5\u05d6\u05e8\u05ea \u05d5\u05ea\u05d5\u05de\u05db\u05ea \u05dc\u05d4\u05e4\u05e6\u05ea\u05d4 \u05e9\u05dc \u05d4\u05ea\u05d5\u05e8\u05d4 \u05d1\u05de\u05e7\u05d5\u05de\u05d5\u05ea \u05d0\u05d7\u05e8\u05d9\u05dd.\n\u05ea\u05de\u05d9\u05db\u05ea\u05d4 \u05d1\u05ea\u05dc\u05de\u05d9\u05d3\u05d9\u05d4 \u05d5\u05d1\u05d1\u05d5\u05d2\u05e8\u05d9\u05d4 \u2013\u05d1\u05db\u05dc \u05d3\u05e8\u05da \u05d5\u05d1\u05db\u05dc \u05e6\u05d5\u05e8\u05d4, \u05db\u05d0\u05df \u05d1\u05e6\u05e8\u05e4\u05ea \u05d5\u05d1\u05d0\u05e8\u05e5 \u05d9\u05e9\u05e8\u05d0\u05dc \u2013\u05e2\u05d5\u05de\u05d3 \u05d1\u05dc\u05d1\n\u05e4\u05e2\u05d5\u05dc\u05d5\u05ea\u05d9\u05d4 \u05db\u05e2\u05e8\u05da \u05e2\u05dc\u05d9\u05d5\u05df \u05d5\u05de\u05e8\u05db\u05d6\u05d9\n  <\/div>\n<\/div>\n<\/div>\n\n\n\n<div class=\"wp-block-column is-layout-flow wp-block-column-is-layout-flow\" style=\"flex-basis:370px\">\n<div class=\"wp-block-buttons alignwide is-content-justification-center is-nowrap is-layout-flex wp-container-core-buttons-is-layout-12a27398 wp-block-buttons-is-layout-flex\">\n<div class=\"wp-block-button\"><a class=\"wp-block-button__link has-accent-5-color has-custom-color-4-background-color has-text-color has-background has-link-color has-medium-font-size has-custom-font-size wp-element-button\" href=\"https:\/\/mekorisrael.fr\/he\/campaign\/campagne-2026\/\" style=\"border-top-left-radius:13px;border-top-right-radius:13px;border-bottom-left-radius:13px;border-bottom-right-radius:13px;padding-right:var(--wp--preset--spacing--40);padding-left:var(--wp--preset--spacing--40)\"><strong>\u05dc\u05ea\u05de\u05d9\u05db\u05d4<\/strong><\/a><\/div>\n\n\n\n<div class=\"wp-block-button is-style-outline is-style-outline--1\"><a class=\"wp-block-button__link has-contrast-color has-text-color has-link-color has-medium-font-size has-custom-font-size wp-element-button\" href=\"https:\/\/mekorisrael.fr\/he\/contact\/\" style=\"border-top-left-radius:13px;border-top-right-radius:13px;border-bottom-left-radius:13px;border-bottom-right-radius:13px;padding-right:var(--wp--preset--spacing--30);padding-left:var(--wp--preset--spacing--30)\"><strong>\u05dc\u05d9\u05e6\u05d9\u05e8\u05ea \u05e7\u05e9\u05e8<\/strong><\/a><\/div>\n<\/div>\n\n\n\n<figure class=\"wp-block-image size-large has-custom-border\"><img loading=\"lazy\" decoding=\"async\" width=\"1024\" height=\"519\" src=\"https:\/\/mekorisrael.fr\/wp-content\/uploads\/2025\/12\/Capture-decran-2020-12-23-a-17.41_edited-1-1024x519.jpg\" alt=\"\" class=\"wp-image-3065\" style=\"border-top-left-radius:4px;border-top-right-radius:4px;border-bottom-left-radius:4px;border-bottom-right-radius:4px;box-shadow:var(--wp--preset--shadow--natural);aspect-ratio:4\/3;object-fit:cover\" srcset=\"https:\/\/mekorisrael.fr\/wp-content\/uploads\/2025\/12\/Capture-decran-2020-12-23-a-17.41_edited-1-1024x519.jpg 1024w, https:\/\/mekorisrael.fr\/wp-content\/uploads\/2025\/12\/Capture-decran-2020-12-23-a-17.41_edited-1-300x152.jpg 300w, https:\/\/mekorisrael.fr\/wp-content\/uploads\/2025\/12\/Capture-decran-2020-12-23-a-17.41_edited-1-768x390.jpg 768w, https:\/\/mekorisrael.fr\/wp-content\/uploads\/2025\/12\/Capture-decran-2020-12-23-a-17.41_edited-1-1320x670.jpg 1320w, https:\/\/mekorisrael.fr\/wp-content\/uploads\/2025\/12\/Capture-decran-2020-12-23-a-17.41_edited-1.jpg 1510w\" sizes=\"auto, (max-width: 1024px) 100vw, 1024px\" \/><\/figure>\n<\/div>\n<\/div>\n\n\n\n<div style=\"height:85px\" aria-hidden=\"true\" id=\"\u00e9cole\" class=\"wp-block-spacer\"><\/div>\n\n\n\n<div class=\"wp-block-group alignfull is-style-section-2 has-background has-global-padding is-layout-constrained wp-block-group-is-layout-constrained is-style-section-2--2\" style=\"background-color:#d9c68d61;margin-top:0;margin-bottom:0;padding-top:var(--wp--preset--spacing--60);padding-bottom:var(--wp--preset--spacing--50);box-shadow:var(--wp--preset--shadow--deep)\">\n<h2 class=\"wp-block-heading alignwide has-custom-color-4-color has-text-color has-link-color has-xx-large-font-size wp-elements-c89e2d3f0e681f79483039201b7ab126\" id=\"y\u00e9chiva\" style=\"margin-left:var(--wp--preset--spacing--80)\"><strong>\u05d1\u05d9\u05ea \u05d4\u05e1\u05e4\u05e8 \u05ea\u05e9\u05d1''\u05e8<\/strong> :<\/h2>\n\n\n\n<div class=\"wp-block-columns alignwide is-layout-flex wp-container-core-columns-is-layout-28f84493 wp-block-columns-is-layout-flex\">\n<div class=\"wp-block-column is-layout-flow wp-block-column-is-layout-flow\">\n<p>\u05d9\u05d9\u05e2\u05d5\u05d3\u05d5 \u05e9\u05dc \u05d1\u05d9\u05ea \u05d4\u05e1\u05e4\u05e8 \u05ea\u05e9\u05d1''\u05e8 \u05d4\u05d9\u05d0 \u05d1\u05e0\u05d9\u05d9\u05ea \u05e2\u05d5\u05dc\u05de\u05d5 \u05d5\u05d4\u05ea\u05e4\u05ea\u05d7\u05d5\u05ea\u05d5 \u05e9\u05dc \u05db\u05dc \u05ea\u05dc\u05de\u05d9\u05d3 \u05d5\u05ea\u05dc\u05de\u05d9\u05d3, \u05d1\u05d9\u05df \u05d4\u05d9\u05ea\u05e8 \u05d1\u05d6\u05db\u05d5\u05ea\n\u05e6\u05d5\u05d5\u05ea \u05d7\u05d9\u05e0\u05d5\u05db\u05d9 \u05d4\u05de\u05e2\u05e0\u05d9\u05e7 \u05dc\u05d9\u05d5\u05d5\u05d9 \u05d0\u05d9\u05e9\u05d9, \u05e9\u05d9\u05d8\u05d5\u05ea \u05d4\u05d5\u05e8\u05d0\u05d4 \u05d7\u05db\u05de\u05d5\u05ea, \u05e7\u05e4\u05d3\u05e0\u05d9\u05d5\u05ea \u05d5\u05d7\u05d3\u05e9\u05e0\u05d9\u05d5\u05ea, \u05d5\u05db\u05d9\u05ea\u05d5\u05ea \u05e9\u05d0\u05d9\u05e0\u05df \u05e2\u05de\u05d5\u05e1\u05d5\u05ea\n.\u05d9\u05ea\u05e8 \u05e2\u05dc \u05d4\u05de\u05d9\u05d3\u05d4 \u05e9\u05de\u05d0\u05e4\u05e9\u05e8\u05ea \u05ea\u05e9\u05d5\u05de\u05ea \u05dc\u05d1 \u05d9\u05d7\u05d5\u05d3\u05d9\u05ea \u05dc\u05db\u05dc \u05d9\u05dc\u05d3.<\/p>\n<\/div>\n\n\n\n<div class=\"wp-block-column is-layout-flow wp-block-column-is-layout-flow\" style=\"flex-basis:3px\">\n<p><\/p>\n<\/div>\n<\/div>\n\n\n\n<div class=\"wp-block-columns alignwide is-layout-flex wp-container-core-columns-is-layout-643ced6b wp-block-columns-is-layout-flex\">\n<div class=\"wp-block-column is-vertically-aligned-center is-layout-flow wp-block-column-is-layout-flow\" style=\"flex-basis:40%\">\n<figure class=\"wp-block-image aligncenter size-large has-custom-border\"><img loading=\"lazy\" decoding=\"async\" width=\"1024\" height=\"685\" src=\"https:\/\/mekorisrael.fr\/wp-content\/uploads\/2025\/12\/WhatsApp-Image-2021-07-04-at-20.40.47-1-1024x685.jpeg\" alt=\"\" class=\"wp-image-2740\" style=\"border-top-left-radius:24px;border-top-right-radius:24px;border-bottom-left-radius:24px;border-bottom-right-radius:24px;box-shadow:var(--wp--preset--shadow--natural)\" srcset=\"https:\/\/mekorisrael.fr\/wp-content\/uploads\/2025\/12\/WhatsApp-Image-2021-07-04-at-20.40.47-1-1024x685.jpeg 1024w, https:\/\/mekorisrael.fr\/wp-content\/uploads\/2025\/12\/WhatsApp-Image-2021-07-04-at-20.40.47-1-300x201.jpeg 300w, https:\/\/mekorisrael.fr\/wp-content\/uploads\/2025\/12\/WhatsApp-Image-2021-07-04-at-20.40.47-1-768x514.jpeg 768w, https:\/\/mekorisrael.fr\/wp-content\/uploads\/2025\/12\/WhatsApp-Image-2021-07-04-at-20.40.47-1-1536x1028.jpeg 1536w, https:\/\/mekorisrael.fr\/wp-content\/uploads\/2025\/12\/WhatsApp-Image-2021-07-04-at-20.40.47-1-1320x884.jpeg 1320w, https:\/\/mekorisrael.fr\/wp-content\/uploads\/2025\/12\/WhatsApp-Image-2021-07-04-at-20.40.47-1.jpeg 1600w\" sizes=\"auto, (max-width: 1024px) 100vw, 1024px\" \/><\/figure>\n<\/div>\n\n\n\n<div class=\"wp-block-column is-vertically-aligned-center is-layout-flow wp-container-core-column-is-layout-119bc444 wp-block-column-is-layout-flow\" style=\"flex-basis:60%\">\n<p>\u05d1\u05d1\u05d9\u05ea \u05d4\u05e1\u05e4\u05e8 \u05ea\u05e9\u05d1''\u05e8, \u05d8\u05d5\u05d1\u05ea \u05d4\u05ea\u05dc\u05de\u05d9\u05d3 \u05db\u05d9\u05d7\u05d9\u05d3 \u05e2\u05d5\u05de\u05d3\u05ea \u05d1\u05e8\u05d0\u05e9 \u05e1\u05d3\u05e8 \u05d4\u05e2\u05d3\u05d9\u05e4\u05d5\u05d9\u05d5\u05ea, \u05d5\u05d4\u05ea\u05d5\u05e6\u05d0\u05d5\u05ea \u05e0\u05d9\u05db\u05e8\u05d5\u05ea\n\u05d5\u05de\u05d5\u05db\u05e8\u05d5\u05ea  :<\/p>\n\n\n\n<ul class=\"wp-block-list\">\n<li>\u05e1\u05d1\u05d9\u05d1\u05d4 \u05de\u05d8\u05e4\u05d7\u05ea \u05dc\u05d4\u05ea\u05e4\u05ea\u05d7\u05d5\u05ea \u05d0\u05d9\u05e9\u05d9\u05ea<\/li>\n\n\n\n<li>\u05d5\u05e8\u05de\u05d4 \u05dc\u05d9\u05de\u05d5\u05d3\u05d9\u05ea \u05d2\u05d1\u05d5\u05d4\u05d4 \u05d1\u05db\u05dc \u05ea\u05d7\u05d5\u05de\u05d9\u05dd<\/li>\n<\/ul>\n\n\n\n<p>\u00a0\u05d1\u05d9\u05ea \u05d4\u05e1\u05e4\u05e8 \u05de\u05e0\u05d5\u05d4\u05dc \u05de\u05d6\u05d4 \u05e2\u05e9\u05e8\u05d5\u05ea \u05e9\u05e0\u05d9\u05dd \u05e2\u05dc \u05d9\u05d3\u05d9 \u05d4\u05e8\u05d1\u05e0\u05d9\u05ea \u05d0.\u05d4\u05d9\u05d9\u05de\u05df \u05e9\u05ea\u05d7\u05d9',&nbsp;<strong>&nbsp;<\/strong>&nbsp;\u05d5\u05d1\u05de\u05d4\u05dc\u05da \u05d4\u05e9\u05e0\u05d9\u05dd \u05d7\u05d5\u05e0\u05db\u05d5 \u05d1\u05d5\n\u05d0\u05dc\u05e4\u05d9 \u05ea\u05dc\u05de\u05d9\u05d3\u05d9\u05dd, \u05d5\u05dc\u05dc\u05d0 \u05d2\u05d5\u05d6\u05de\u05d0 \u05d4\u05e2\u05e0\u05d9\u05e7 \u05d0\u05d5\u05e4\u05d9 \u05d9\u05d9\u05d7\u05d5\u05d3\u05d9 \u05dc\u05e6\u05d9\u05d1\u05d5\u05e8 \u05d7\u05e8\u05d3\u05d9 \u05e9\u05d1\u05e6\u05e8\u05e4\u05ea.<\/p>\n\n\n\n<p class=\"has-text-align-left has-custom-color-2-color has-text-color has-link-color wp-elements-1e647148f690036ac61672e178cdc482\"><a href=\"https:\/\/mekorisrael.fr\/he\/nos-institutions\/details-dinscription\/\" data-type=\"page\" data-id=\"53\">\u05e4\u05e8\u05d8\u05d9 \u05d4\u05e8\u05e9\u05de\u05d4 \u2192<\/a><\/p>\n\n\n\n<div style=\"height:15px\" aria-hidden=\"true\" class=\"wp-block-spacer\"><\/div>\n<\/div>\n<\/div>\n\n\n\n<div class=\"wp-block-buttons alignwide is-content-justification-left is-nowrap is-layout-flex wp-container-core-buttons-is-layout-92e17da2 wp-block-buttons-is-layout-flex\">\n<div class=\"wp-block-button\"><a class=\"wp-block-button__link has-accent-5-color has-custom-color-4-background-color has-text-color has-background has-link-color has-medium-font-size has-custom-font-size wp-element-button\" href=\"https:\/\/mekorisrael.fr\/he\/campaign\/campagne-2026\/\" style=\"border-top-left-radius:13px;border-top-right-radius:13px;border-bottom-left-radius:13px;border-bottom-right-radius:13px;padding-right:var(--wp--preset--spacing--40);padding-left:var(--wp--preset--spacing--40)\"><strong>\u05dc\u05ea\u05de\u05d9\u05db\u05d4<\/strong><\/a><\/div>\n\n\n\n<div class=\"wp-block-button is-style-outline is-style-outline--3\"><a class=\"wp-block-button__link has-contrast-color has-text-color has-link-color has-medium-font-size has-custom-font-size wp-element-button\" href=\"https:\/\/mekorisrael.fr\/he\/contactez-nous\/\" style=\"border-top-left-radius:13px;border-top-right-radius:13px;border-bottom-left-radius:13px;border-bottom-right-radius:13px;padding-right:var(--wp--preset--spacing--30);padding-left:var(--wp--preset--spacing--30)\"><strong>\u05dc\u05d9\u05e6\u05d9\u05e8\u05ea \u05e7\u05e9\u05e8<\/strong><\/a><\/div>\n<\/div>\n<\/div>\n\n\n\n<div style=\"height:80px\" aria-hidden=\"true\" id=\"mikv\u00e9\" class=\"wp-block-spacer\"><\/div>\n\n\n\n<h2 class=\"wp-block-heading alignwide has-custom-color-1-color has-text-color has-link-color has-xx-large-font-size wp-elements-f2029a1f6be94afc73c11b0204f5b828\"><strong>\u05de\u05e7\u05d5\u05d4 \u05de\u05e7\u05d5\u05e8 \u05d9\u05e9\u05e8\u05d0\u05dc<\/strong> : <\/h2>\n\n\n\n<div style=\"height:25px\" aria-hidden=\"true\" class=\"wp-block-spacer\"><\/div>\n\n\n\n<div class=\"wp-block-columns alignwide is-layout-flex wp-container-core-columns-is-layout-28f84493 wp-block-columns-is-layout-flex\">\n<div class=\"wp-block-column is-layout-flow wp-block-column-is-layout-flow\">\n<figure class=\"wp-block-video\"><video height=\"480\" style=\"aspect-ratio: 640 \/ 480;\" width=\"640\" controls poster=\"https:\/\/mekorisrael.fr\/wp-content\/uploads\/2025\/12\/image-5.png\" src=\"https:\/\/mekorisrael.fr\/wp-content\/uploads\/2025\/12\/file.mp4\"><\/video><\/figure>\n<\/div>\n\n\n\n<div class=\"wp-block-column is-layout-flow wp-block-column-is-layout-flow\">\n<p class=\"has-custom-color-2-color has-text-color has-link-color wp-elements-28c6f7cf408ad81bfdb5bdbce38c4b8d\"><strong><em>\u05de\u05e7\u05d5\u05d4 \u05d7\u05d3\u05e9, \u05de\u05d5\u05d3\u05e8\u05e0\u05d9 \u05d1\u05de\u05d9\u05d5\u05d7\u05d3, \u05d4\u05d1\u05e0\u05d5\u05d9 \u05e2\u05dc \u05e4\u05d9 \u05db\u05dc \u05db\u05dc\u05dc\u05d9 \u05d4\u05d4\u05dc\u05db\u05d4 \u05d5\u05d4\u05d9\u05d3\u05d5\u05e8\u05d4!<\/em><\/strong><\/p>\n\n\n\n<div style=\"display: flex; justify-content: center; padding: 0 16px;\">\n  <div style=\"max-width: 1200px; text-align: justify; text-justify: inter-word; word-spacing: normal; line-height: 1.6; direction: ltr; letter-spacing: 0.01em; hyphens: auto; -webkit-hyphens: auto; -ms-hyphens: auto;\">\n   \u05de\u05ea\u05d7\u05dd \u05e8\u05d7\u05d1 \u05d5\u05de\u05d5\u05e7\u05e4\u05d3, \u05e9\u05ea\u05d5\u05db\u05e0\u05df \u05d1\u05d7\u05db\u05de\u05d4 \u05d5\u05d1\u05e7\u05e4\u05d9\u05d3\u05d4 \u05e8\u05d1\u05d4 \u05e2\u05dc \u05de\u05e0\u05ea \u05dc\u05e9\u05e8\u05ea \u05d0\u05ea \u05d4\u05e6\u05d9\u05d1\u05d5\u05e8 \u05e2\u05dc \u05d4\u05e6\u05d3 \u05d4\u05d8\u05d5\u05d1 \u05d1\u05d9\u05d5\u05ea\u05e8.\n\u05d4\u05de\u05e7\u05d5\u05d4 \u05d4\u05d7\u05d3\u05e9 \u05e0\u05de\u05e6\u05d0 \u05d1\u05e4\u05d9\u05e7\u05d5\u05d7\u05d5 \u05e9\u05dc \u05d4\u05d2\u05e8\u05d0''\u05d3 \u05d4\u05d9\u05d9\u05de\u05df \u05e9\u05dc\u05d9\u05d8''\u05d0 \u05de\u05e9\u05dc\u05d1 \u05d4\u05e7\u05de\u05ea\u05d5, \u05d5\u05de\u05e9\u05e8\u05ea \u05d0\u05ea \u05db\u05dc \u05d4\u05d0\u05d6\u05d5\u05e8 93\n\u05d5\u05d2\u05dd \u05d0\u05ea \u05d4\u05de\u05d7\u05d5\u05d6\u05d5\u05ea \u05d4\u05e1\u05de\u05d5\u05db\u05d9\u05dd<br>\n\u05d4\u05de\u05e7\u05d5\u05dd \u05e4\u05ea\u05d5\u05d7 \u05d1\u05db\u05dc \u05d9\u05d5\u05dd, \u05d1\u05d3\u05d9\u05e1\u05e7\u05e8\u05d8\u05d9\u05d5\u05ea \u05d5\u05d1\u05d1\u05d8\u05d9\u05d7\u05d5\u05ea \u05de\u05dc\u05d0\u05d4, \u05d1\u05d9\u05df \u05d4\u05d9\u05ea\u05e8 \u05d1\u05d6\u05db\u05d5\u05ea \u05d7\u05e0\u05d9\u05d4 \u05e4\u05e8\u05d8\u05d9\u05ea\n  <\/div>\n<\/div>\n\n\n\n<p><strong>&nbsp;<\/strong><strong>\u05e9\u05e2\u05d5\u05ea \u05e4\u05ea\u05d9\u05d7\u05d4 :<\/strong><strong><\/strong><\/p>\n\n\n\n<p>\u05d2\u05d1\u05e8\u05d9\u05dd \u2013 \u05de\u05d3\u05d9 \u05d9\u05d5\u05dd \u05e2\u05d3 \u05d4\u05e9\u05e2\u05d4 14:00, \u05d1\u05d0\u05de\u05e6\u05e2\u05d5\u05ea \u05de\u05e2\u05e8\u05db\u05ea \u05ea\u05e9\u05dc\u05d5\u05dd \u05d0\u05d5\u05d8\u05d5\u05de\u05d8\u05d9\u05ea. <strong>\u05d5\u05e0\u05e9\u05d9\u05dd \u2013 \u05d1\u05db\u05dc \u05e2\u05e8\u05d1, \u05d1\u05ea\u05d9\u05d0\u05d5\u05dd \u05de\u05e8\u05d0\u05e9 \u05d1\u05dc\u05d1\u05d3.<\/strong><\/p>\n\n\n\n<div class=\"wp-block-buttons is-layout-flex wp-block-buttons-is-layout-flex\">\n<div class=\"wp-block-button\"><a class=\"wp-block-button__link has-custom-color-2-background-color has-background has-medium-font-size has-custom-font-size wp-element-button\" href=\"tel:0174031851\" style=\"border-top-left-radius:13px;border-top-right-radius:13px;border-bottom-left-radius:13px;border-bottom-right-radius:13px\"> <strong>\u05e7\u05d1\u05d9\u05e2\u05ea \u05ea\u05d5\u05e8 \u05dc\u05e0\u05e9\u05d9\u05dd<\/strong><\/a><\/div>\n<\/div>\n<\/div>\n<\/div>","protected":false},"excerpt":{"rendered":"<p>Yechiva Mekor Isra\u00ebl : De tout le temps, il y eut une Yechiva l\u00e0 o\u00f9 se trouvait le peuple juif ! Lieu privil\u00e9gi\u00e9 o\u00f9 chacun peut s\u2019ins\u00e9rer dans la longue cha\u00eene de la tradition, la Yechiva garantit la p\u00e9rennit\u00e9 de notre peuple. Par son enseignement, elle guide chaque juif dans la sagesse de la Torah [&hellip;]<\/p>","protected":false},"author":1,"featured_media":0,"parent":0,"menu_order":4,"comment_status":"closed","ping_status":"closed","template":"","meta":{"give_campaign_id":0,"pgc_sgb_lightbox_settings":"","footnotes":""},"class_list":["post-10","page","type-page","status-publish","hentry"],"campaignId":"","_links":{"self":[{"href":"https:\/\/mekorisrael.fr\/he\/wp-json\/wp\/v2\/pages\/10","targetHints":{"allow":["GET"]}}],"collection":[{"href":"https:\/\/mekorisrael.fr\/he\/wp-json\/wp\/v2\/pages"}],"about":[{"href":"https:\/\/mekorisrael.fr\/he\/wp-json\/wp\/v2\/types\/page"}],"author":[{"embeddable":true,"href":"https:\/\/mekorisrael.fr\/he\/wp-json\/wp\/v2\/users\/1"}],"replies":[{"embeddable":true,"href":"https:\/\/mekorisrael.fr\/he\/wp-json\/wp\/v2\/comments?post=10"}],"version-history":[{"count":151,"href":"https:\/\/mekorisrael.fr\/he\/wp-json\/wp\/v2\/pages\/10\/revisions"}],"predecessor-version":[{"id":4213,"href":"https:\/\/mekorisrael.fr\/he\/wp-json\/wp\/v2\/pages\/10\/revisions\/4213"}],"wp:attachment":[{"href":"https:\/\/mekorisrael.fr\/he\/wp-json\/wp\/v2\/media?parent=10"}],"curies":[{"name":"wp","href":"https:\/\/api.w.org\/{rel}","templated":true}]}}